{"id":919,"date":"2022-08-24T17:30:01","date_gmt":"2022-08-24T17:30:01","guid":{"rendered":"http:\/\/a.dog.systems\/?page_id=919"},"modified":"2023-07-31T10:10:21","modified_gmt":"2023-07-31T10:10:21","slug":"zahnspangen","status":"publish","type":"page","link":"https:\/\/www.dr-eisenmenger.at\/zahnarzt\/sample-page\/zahnspangen\/","title":{"rendered":"Zahnspangen"},"content":{"rendered":"<div class=\"fusion-fullwidth fullwidth-box fusion-builder-row-1 fusion-flex-container fusion-parallax-fixed nonhundred-percent-fullwidth non-hundred-percent-height-scrolling\" style=\"--awb-background-blend-mode:soft-light;--awb-border-radius-top-left:0px;--awb-border-radius-top-right:0px;--awb-border-radius-bottom-right:0px;--awb-border-radius-bottom-left:0px;--awb-padding-top:110px;--awb-padding-right:5%;--awb-padding-bottom:110px;--awb-padding-left:5%;--awb-background-color:rgba(255,255,255,0.9);--awb-background-image:url(&quot;https:\/\/www.dr-eisenmenger.at\/zahnarzt\/wp-content\/uploads\/\/2022\/09\/NEUZeichenflaeche-73-1200x1647.png&quot;);--awb-background-size:cover;--awb-flex-wrap:wrap;background-attachment:fixed;\" ><div class=\"fusion-builder-row fusion-row fusion-flex-align-items-flex-start fusion-flex-content-wrap\" style=\"max-width:1227.2px;margin-left: calc(-4% \/ 2 );margin-right: calc(-4% \/ 2 );\"><div class=\"fusion-layout-column fusion_builder_column fusion-builder-column-0 fusion_builder_column_3_4 3_4 fusion-flex-column\" style=\"--awb-bg-size:cover;--awb-width-large:75%;--awb-margin-top-large:0px;--awb-spacing-right-large:2.56%;--awb-margin-bottom-large:20px;--awb-spacing-left-large:2.56%;--awb-width-medium:75%;--awb-order-medium:0;--awb-spacing-right-medium:2.56%;--awb-spacing-left-medium:2.56%;--awb-width-small:100%;--awb-order-small:0;--awb-spacing-right-small:1.92%;--awb-spacing-left-small:1.92%;\"><div class=\"fusion-column-wrapper fusion-column-has-shadow fusion-flex-justify-content-flex-start fusion-content-layout-column\"><div class=\"fusion-text fusion-text-1\"><p>Abh\u00e4ngig vom Alter des Patienten und der Fehlstellung seiner Z\u00e4hne ergibt sich entweder eine Therapie mit einer herausnehmbaren oder festsitzenden Zahnspange. Vor der Behandlung wird der Befund aufgenommen und ein Abdruck zur Modellerstellung genommen.<\/p>\n<p>Auch eine Fotodokumentation und eine R\u00f6ntgenuntersuchung wird durchgef\u00fchrt. Danach wird der individuelle Behandlungsplan festgelegt<\/p>\n<\/div><\/div><\/div><div class=\"fusion-layout-column fusion_builder_column fusion-builder-column-1 fusion_builder_column_1_4 1_4 fusion-flex-column\" style=\"--awb-bg-size:cover;--awb-width-large:25%;--awb-margin-top-large:0px;--awb-spacing-right-large:7.68%;--awb-margin-bottom-large:20px;--awb-spacing-left-large:7.68%;--awb-width-medium:25%;--awb-order-medium:0;--awb-spacing-right-medium:7.68%;--awb-spacing-left-medium:7.68%;--awb-width-small:100%;--awb-order-small:0;--awb-spacing-right-small:1.92%;--awb-spacing-left-small:1.92%;\"><div class=\"fusion-column-wrapper fusion-column-has-shadow fusion-flex-justify-content-flex-start fusion-content-layout-column\"><div class=\"fusion-image-element \" style=\"--awb-caption-title-font-family:var(--h2_typography-font-family);--awb-caption-title-font-weight:var(--h2_typography-font-weight);--awb-caption-title-font-style:var(--h2_typography-font-style);--awb-caption-title-size:var(--h2_typography-font-size);--awb-caption-title-transform:var(--h2_typography-text-transform);--awb-caption-title-line-height:var(--h2_typography-line-height);--awb-caption-title-letter-spacing:var(--h2_typography-letter-spacing);\"><span class=\" fusion-imageframe imageframe-none imageframe-1 hover-type-none\"><img decoding=\"async\" width=\"293\" height=\"220\" alt=\"F\u00fcr Kinder zur Erkl\u00e4rung\" title=\"DDr-gabriela-eisenmenger_die-kieferorthopaedin-modell\" src=\"https:\/\/www.dr-eisenmenger.at\/zahnarzt\/wp-content\/uploads\/\/2022\/09\/DDr-gabriela-eisenmenger_die-kieferorthopaedin-modell.jpg\" class=\"img-responsive wp-image-946\" srcset=\"https:\/\/www.dr-eisenmenger.at\/zahnarzt\/wp-content\/uploads\/2022\/09\/DDr-gabriela-eisenmenger_die-kieferorthopaedin-modell-200x150.jpg 200w, https:\/\/www.dr-eisenmenger.at\/zahnarzt\/wp-content\/uploads\/\/2022\/09\/DDr-gabriela-eisenmenger_die-kieferorthopaedin-modell.jpg 293w\" sizes=\"(max-width: 740px) 100vw, 293px\" \/><\/span><\/div><\/div><\/div><div class=\"fusion-layout-column fusion_builder_column fusion-builder-column-2 fusion_builder_column_1_2 1_2 fusion-flex-column\" style=\"--awb-bg-size:cover;--awb-width-large:50%;--awb-margin-top-large:0px;--awb-spacing-right-large:3.84%;--awb-margin-bottom-large:20px;--awb-spacing-left-large:3.84%;--awb-width-medium:50%;--awb-order-medium:0;--awb-spacing-right-medium:3.84%;--awb-spacing-left-medium:3.84%;--awb-width-small:100%;--awb-order-small:0;--awb-spacing-right-small:1.92%;--awb-spacing-left-small:1.92%;\"><div class=\"fusion-column-wrapper fusion-column-has-shadow fusion-flex-justify-content-flex-start fusion-content-layout-column\"><div class=\"fusion-text fusion-text-2\"><h3><span style=\"color: var(--h3_typography-color); font-family: var(--h3_typography-font-family); font-size: var(--h3_typography-font-size); font-style: var(--h3_typography-font-style,normal); letter-spacing: var(--h3_typography-letter-spacing);\">Kieferorthop\u00e4dische Fr\u00fchbehandlung<\/span><\/h3>\n<p>Bei manchen Fehlstellungen, wie z.B. beim Kreuzbiss, ist es notwendig schon im Milchgebiss mit der Kieferregulierung zu beginnen, um ein harmonisch Sch\u00e4delwachstum zu erm\u00f6glichen.<\/p>\n<\/div><div class=\"fusion-image-element \" style=\"text-align:center;--awb-margin-top:15px;--awb-caption-title-font-family:var(--h2_typography-font-family);--awb-caption-title-font-weight:var(--h2_typography-font-weight);--awb-caption-title-font-style:var(--h2_typography-font-style);--awb-caption-title-size:var(--h2_typography-font-size);--awb-caption-title-transform:var(--h2_typography-text-transform);--awb-caption-title-line-height:var(--h2_typography-line-height);--awb-caption-title-letter-spacing:var(--h2_typography-letter-spacing);\"><span class=\" fusion-imageframe imageframe-none imageframe-2 hover-type-none\"><img decoding=\"async\" width=\"225\" height=\"150\" alt=\"Fr\u00fchbehandlung\" title=\"DDr-gabriela-eisenmenger_die-kieferorthopaedin-fruehbehandlung\" src=\"https:\/\/www.dr-eisenmenger.at\/zahnarzt\/wp-content\/uploads\/\/2022\/09\/DDr-gabriela-eisenmenger_die-kieferorthopaedin-fruehbehandlung.jpg\" class=\"img-responsive wp-image-941\" srcset=\"https:\/\/www.dr-eisenmenger.at\/zahnarzt\/wp-content\/uploads\/2022\/09\/DDr-gabriela-eisenmenger_die-kieferorthopaedin-fruehbehandlung-200x133.jpg 200w, https:\/\/www.dr-eisenmenger.at\/zahnarzt\/wp-content\/uploads\/\/2022\/09\/DDr-gabriela-eisenmenger_die-kieferorthopaedin-fruehbehandlung.jpg 225w\" sizes=\"(max-width: 740px) 100vw, 225px\" \/><\/span><\/div><\/div><\/div><div class=\"fusion-layout-column fusion_builder_column fusion-builder-column-3 fusion_builder_column_1_2 1_2 fusion-flex-column\" style=\"--awb-bg-size:cover;--awb-width-large:50%;--awb-margin-top-large:0px;--awb-spacing-right-large:3.84%;--awb-margin-bottom-large:20px;--awb-spacing-left-large:3.84%;--awb-width-medium:50%;--awb-order-medium:0;--awb-spacing-right-medium:3.84%;--awb-spacing-left-medium:3.84%;--awb-width-small:100%;--awb-order-small:0;--awb-spacing-right-small:1.92%;--awb-spacing-left-small:1.92%;\"><div class=\"fusion-column-wrapper fusion-column-has-shadow fusion-flex-justify-content-flex-start fusion-content-layout-column\"><div class=\"fusion-text fusion-text-3\"><h3><span style=\"color: var(--h3_typography-color); font-family: var(--h3_typography-font-family); font-size: var(--h3_typography-font-size); font-style: var(--h3_typography-font-style,normal); letter-spacing: var(--h3_typography-letter-spacing);\">Abnehmbare Zahnspangen<\/span><\/h3>\n<p>Im Milchgebiss und vor allem im Wechselgebiss werden Kiefer- und Zahnfehlstellungen bevorzugt mit herausnehmbaren Zahnspangen behandelt, die vor allem nachts getragen werden.<\/p>\n<\/div><div class=\"fusion-image-element \" style=\"text-align:center;--awb-margin-top:15px;--awb-caption-title-font-family:var(--h2_typography-font-family);--awb-caption-title-font-weight:var(--h2_typography-font-weight);--awb-caption-title-font-style:var(--h2_typography-font-style);--awb-caption-title-size:var(--h2_typography-font-size);--awb-caption-title-transform:var(--h2_typography-text-transform);--awb-caption-title-line-height:var(--h2_typography-line-height);--awb-caption-title-letter-spacing:var(--h2_typography-letter-spacing);\"><span class=\" fusion-imageframe imageframe-none imageframe-3 hover-type-none\"><img decoding=\"async\" width=\"184\" height=\"147\" alt=\"Abnehmbare Zahnspange\" title=\"DDr-gabriela-eisenmenger_die-kieferorthopaedin-abnehmbare-zahnspange\" src=\"https:\/\/www.dr-eisenmenger.at\/zahnarzt\/wp-content\/uploads\/\/2022\/09\/DDr-gabriela-eisenmenger_die-kieferorthopaedin-abnehmbare-zahnspange.jpg\" class=\"img-responsive wp-image-942\" srcset=\"https:\/\/www.dr-eisenmenger.at\/zahnarzt\/wp-content\/uploads\/2022\/09\/DDr-gabriela-eisenmenger_die-kieferorthopaedin-abnehmbare-zahnspange-177x142.jpg 177w, https:\/\/www.dr-eisenmenger.at\/zahnarzt\/wp-content\/uploads\/\/2022\/09\/DDr-gabriela-eisenmenger_die-kieferorthopaedin-abnehmbare-zahnspange.jpg 184w\" sizes=\"(max-width: 184px) 100vw, 184px\" \/><\/span><\/div><\/div><\/div><div class=\"fusion-layout-column fusion_builder_column fusion-builder-column-4 fusion_builder_column_1_2 1_2 fusion-flex-column\" style=\"--awb-bg-size:cover;--awb-width-large:50%;--awb-margin-top-large:0px;--awb-spacing-right-large:3.84%;--awb-margin-bottom-large:20px;--awb-spacing-left-large:3.84%;--awb-width-medium:50%;--awb-order-medium:0;--awb-spacing-right-medium:3.84%;--awb-spacing-left-medium:3.84%;--awb-width-small:100%;--awb-order-small:0;--awb-spacing-right-small:1.92%;--awb-spacing-left-small:1.92%;\"><div class=\"fusion-column-wrapper fusion-column-has-shadow fusion-flex-justify-content-flex-start fusion-content-layout-column\"><div class=\"fusion-text fusion-text-4\"><h3><span style=\"color: var(--h3_typography-color); font-family: var(--h3_typography-font-family); font-size: var(--h3_typography-font-size); font-style: var(--h3_typography-font-style,normal); font-weight: var(--h3_typography-font-weight); letter-spacing: var(--h3_typography-letter-spacing);\">Festsitzende Zahnregulierungen<\/span><\/h3>\n<p>Im bleibenden Gebiss werden Zahnfehlstellungen mit einer \u201efixen\u201c Zahnspange korrigiert. D.h. sogenannte \u201eBrackets&#8220; werden auf die Z\u00e4hne geklebt, \u00fcber die ein kieferorthop\u00e4discher Draht die Zahnbewegungen fixiert und leitet.<\/p>\n<\/div><div class=\"fusion-image-element \" style=\"text-align:center;--awb-margin-top:15px;--awb-caption-title-font-family:var(--h2_typography-font-family);--awb-caption-title-font-weight:var(--h2_typography-font-weight);--awb-caption-title-font-style:var(--h2_typography-font-style);--awb-caption-title-size:var(--h2_typography-font-size);--awb-caption-title-transform:var(--h2_typography-text-transform);--awb-caption-title-line-height:var(--h2_typography-line-height);--awb-caption-title-letter-spacing:var(--h2_typography-letter-spacing);\"><span class=\" fusion-imageframe imageframe-none imageframe-4 hover-type-none\"><img decoding=\"async\" width=\"219\" height=\"119\" alt=\"Festsitzende Zahnspange\" title=\"DDr-gabriela-eisenmenger_die-kieferorthopaedin-festsitzende-zahnspange\" src=\"https:\/\/www.dr-eisenmenger.at\/zahnarzt\/wp-content\/uploads\/\/2022\/09\/DDr-gabriela-eisenmenger_die-kieferorthopaedin-festsitzende-zahnspange.jpg\" class=\"img-responsive wp-image-943\" srcset=\"https:\/\/www.dr-eisenmenger.at\/zahnarzt\/wp-content\/uploads\/2022\/09\/DDr-gabriela-eisenmenger_die-kieferorthopaedin-festsitzende-zahnspange-200x109.jpg 200w, https:\/\/www.dr-eisenmenger.at\/zahnarzt\/wp-content\/uploads\/\/2022\/09\/DDr-gabriela-eisenmenger_die-kieferorthopaedin-festsitzende-zahnspange.jpg 219w\" sizes=\"(max-width: 740px) 100vw, 219px\" \/><\/span><\/div><\/div><\/div><div class=\"fusion-layout-column fusion_builder_column fusion-builder-column-5 fusion_builder_column_1_2 1_2 fusion-flex-column\" style=\"--awb-bg-size:cover;--awb-width-large:50%;--awb-margin-top-large:0px;--awb-spacing-right-large:3.84%;--awb-margin-bottom-large:20px;--awb-spacing-left-large:3.84%;--awb-width-medium:50%;--awb-order-medium:0;--awb-spacing-right-medium:3.84%;--awb-spacing-left-medium:3.84%;--awb-width-small:100%;--awb-order-small:0;--awb-spacing-right-small:1.92%;--awb-spacing-left-small:1.92%;\"><div class=\"fusion-column-wrapper fusion-column-has-shadow fusion-flex-justify-content-flex-start fusion-content-layout-column\"><div class=\"fusion-text fusion-text-5\"><h3>&#8222;Unsichtbare Zahnspangen&#8220;, Aligner<\/h3>\n<p>Gewisse Zahnbewegungen, besonders kleine Rotationsbewegungen und Kippungen, k\u00f6nnen auch sehr gut mit Aligner durchgef\u00fchrt werden. Diese, an sich herausnehmbaren, Schienen sollen vom Patienten stets rund um die Uhr getragen werden. Nur beim Essen und Z\u00e4hneputzen nimmt man die Aligner f\u00fcr eine bequeme und einfache Nahrungsaufnahme ab.<\/p>\n<\/div><div class=\"fusion-image-element \" style=\"text-align:center;--awb-margin-top:15px;--awb-caption-title-font-family:var(--h2_typography-font-family);--awb-caption-title-font-weight:var(--h2_typography-font-weight);--awb-caption-title-font-style:var(--h2_typography-font-style);--awb-caption-title-size:var(--h2_typography-font-size);--awb-caption-title-transform:var(--h2_typography-text-transform);--awb-caption-title-line-height:var(--h2_typography-line-height);--awb-caption-title-letter-spacing:var(--h2_typography-letter-spacing);\"><span class=\" fusion-imageframe imageframe-none imageframe-5 hover-type-none\"><img decoding=\"async\" width=\"300\" height=\"200\" alt=\"Aligner\" title=\"other-aligners\" src=\"https:\/\/www.dr-eisenmenger.at\/zahnarzt\/wp-content\/uploads\/\/2022\/09\/other-aligners-300x200.jpg\" class=\"img-responsive wp-image-944\" srcset=\"https:\/\/www.dr-eisenmenger.at\/zahnarzt\/wp-content\/uploads\/2022\/09\/other-aligners-200x133.jpg 200w, https:\/\/www.dr-eisenmenger.at\/zahnarzt\/wp-content\/uploads\/2022\/09\/other-aligners-400x267.jpg 400w, https:\/\/www.dr-eisenmenger.at\/zahnarzt\/wp-content\/uploads\/2022\/09\/other-aligners-600x400.jpg 600w, https:\/\/www.dr-eisenmenger.at\/zahnarzt\/wp-content\/uploads\/2022\/09\/other-aligners-800x534.jpg 800w, https:\/\/www.dr-eisenmenger.at\/zahnarzt\/wp-content\/uploads\/2022\/09\/other-aligners-1200x800.jpg 1200w, https:\/\/www.dr-eisenmenger.at\/zahnarzt\/wp-content\/uploads\/\/2022\/09\/other-aligners.jpg 1600w\" sizes=\"(max-width: 740px) 100vw, 600px\" \/><\/span><\/div><\/div><\/div><div class=\"fusion-layout-column fusion_builder_column fusion-builder-column-6 fusion_builder_column_1_1 1_1 fusion-flex-column\" style=\"--awb-bg-size:cover;--awb-width-large:100%;--awb-margin-top-large:0px;--awb-spacing-right-large:1.92%;--awb-margin-bottom-large:20px;--awb-spacing-left-large:1.92%;--awb-width-medium:100%;--awb-order-medium:0;--awb-spacing-right-medium:1.92%;--awb-spacing-left-medium:1.92%;--awb-width-small:100%;--awb-order-small:0;--awb-spacing-right-small:1.92%;--awb-spacing-left-small:1.92%;\"><div class=\"fusion-column-wrapper fusion-column-has-shadow fusion-flex-justify-content-flex-start fusion-content-layout-column\"><div class=\"fusion-image-element \" style=\"text-align:center;--awb-margin-top:5em;--awb-margin-bottom:5em;--awb-max-width:250px;--awb-caption-title-font-family:var(--h2_typography-font-family);--awb-caption-title-font-weight:var(--h2_typography-font-weight);--awb-caption-title-font-style:var(--h2_typography-font-style);--awb-caption-title-size:var(--h2_typography-font-size);--awb-caption-title-transform:var(--h2_typography-text-transform);--awb-caption-title-line-height:var(--h2_typography-line-height);--awb-caption-title-letter-spacing:var(--h2_typography-letter-spacing);\"><span class=\" fusion-imageframe imageframe-none imageframe-6 hover-type-none\"><img decoding=\"async\" width=\"1194\" height=\"1063\" alt=\"Logo St\u00f6rer\" title=\"Logo_GREEN\" src=\"https:\/\/www.dr-eisenmenger.at\/zahnarzt\/wp-content\/uploads\/\/2022\/09\/Logo_GREEN.png\" class=\"img-responsive wp-image-957\" srcset=\"https:\/\/www.dr-eisenmenger.at\/zahnarzt\/wp-content\/uploads\/2022\/09\/Logo_GREEN-200x178.png 200w, https:\/\/www.dr-eisenmenger.at\/zahnarzt\/wp-content\/uploads\/2022\/09\/Logo_GREEN-400x356.png 400w, https:\/\/www.dr-eisenmenger.at\/zahnarzt\/wp-content\/uploads\/2022\/09\/Logo_GREEN-600x534.png 600w, https:\/\/www.dr-eisenmenger.at\/zahnarzt\/wp-content\/uploads\/2022\/09\/Logo_GREEN-800x712.png 800w, https:\/\/www.dr-eisenmenger.at\/zahnarzt\/wp-content\/uploads\/\/2022\/09\/Logo_GREEN.png 1194w\" sizes=\"(max-width: 740px) 100vw, 1194px\" \/><\/span><\/div><\/div><\/div>\n<div class=\"fusion-layout-column fusion_builder_column fusion-builder-column-7 fusion_builder_column_1_1 1_1 fusion-flex-column\" style=\"--awb-bg-size:cover;--awb-width-large:100%;--awb-margin-top-large:0px;--awb-spacing-right-large:1.92%;--awb-margin-bottom-large:20px;--awb-spacing-left-large:1.92%;--awb-width-medium:100%;--awb-order-medium:0;--awb-spacing-right-medium:1.92%;--awb-spacing-left-medium:1.92%;--awb-width-small:100%;--awb-order-small:0;--awb-spacing-right-small:1.92%;--awb-spacing-left-small:1.92%;\"><div class=\"fusion-column-wrapper fusion-column-has-shadow fusion-flex-justify-content-flex-start fusion-content-layout-column\"><div class=\"fusion-text fusion-text-6\"><h3><\/h3>\n<h3>&#8222;GRATISZAHNSPANGE&#8220;<\/h3>\n<p>Seit 1. Juli 2015 werden f\u00fcr Kinder und Jugendliche (bis zum vollendeten 18. Lebensjahr), die unter einer erheblichen Zahn- oder Kieferfehlstellung leiden, die Kosten f\u00fcr bestimmte Zahnspangen zur G\u00e4nze \u00fcbernommen.<br \/>\nDie Gratiszahnspange wird als interzeptive (fr\u00fchkindliche) kieferorthop\u00e4dische Behandlung und\/oder als kieferorthop\u00e4dische Hauptbehandlung erbracht und kann unter folgenden Voraussetzungen (IOTN Grad 4 oder 5) dem Sozialversicherungstr\u00e4ger zur Genehmigung vorgelegt werden. Es werden dabei aber keine kosmetischen Spangen (z.B. wei\u00dfe Brackets) eingesetzt.<br \/>\nKosten f\u00fcr die grundlegende IOTN Feststellung und kieferorthop\u00e4dische Beratung: 50\u20ac<br \/>\nFr\u00fchbehandlung (interzeptive Behandlung; abnehmbar bzw Kombinationstherapie abn.\/fests.):<br \/>\nEntspricht die Fehlstellung des Kindes (Alter 8-11 Jahre) IOTN 4 oder 5, kann die Behandlung bei der Krankenkasse eingereicht werden und bei Bewilligung, direkt mit der Kasse abgerechnet werden.<br \/>\nFestsitzende kieferothop\u00e4dische Hauptbehandlung: entspricht die Fehlstellung des Kindes ( 12. -18. Lebensjahr) IOTN 4 oder 5:<br \/>\nAuch hier k\u00f6nnen wir ebenfalls einen Antrag an die Kasse stellen. Die Abrechnung erfolgt nach Bewilligung wie beim Wahlarzt: Der Patient muss prim\u00e4r die Honorarnote bezahlen und kann dann um die Kostenr\u00fcckerstattung bei seinem Sozialversicherungstr\u00e4ger ansuchen.<br \/>\nBei kieferorthop\u00e4dischen Leistungen , die nicht in den Bereich der Gratiszahnspange fallen, erfolgt die Honorargestaltung gem\u00e4\u00df den Richtlinien der \u00d6sterreichischen Zahn\u00e4rztekammer. Es liegt im Ermessen des Sozialversicherungstr\u00e4gers, ob hier ein Kostenzuschuss gew\u00e4hrt wird.<br \/>\nBei Familien mit mehreren Kindern bieten wir gerne individuelle Tarife an.<\/p>\n<\/div><\/div><\/div><\/div><\/div>\n","protected":false},"excerpt":{"rendered":"","protected":false},"author":1,"featured_media":0,"parent":2,"menu_order":0,"comment_status":"closed","ping_status":"closed","template":"100-width.php","meta":{"footnotes":""},"class_list":["post-919","page","type-page","status-publish","hentry"],"_links":{"self":[{"href":"https:\/\/www.dr-eisenmenger.at\/zahnarzt\/wp-json\/wp\/v2\/pages\/919","targetHints":{"allow":["GET"]}}],"collection":[{"href":"https:\/\/www.dr-eisenmenger.at\/zahnarzt\/wp-json\/wp\/v2\/pages"}],"about":[{"href":"https:\/\/www.dr-eisenmenger.at\/zahnarzt\/wp-json\/wp\/v2\/types\/page"}],"author":[{"embeddable":true,"href":"https:\/\/www.dr-eisenmenger.at\/zahnarzt\/wp-json\/wp\/v2\/users\/1"}],"replies":[{"embeddable":true,"href":"https:\/\/www.dr-eisenmenger.at\/zahnarzt\/wp-json\/wp\/v2\/comments?post=919"}],"version-history":[{"count":17,"href":"https:\/\/www.dr-eisenmenger.at\/zahnarzt\/wp-json\/wp\/v2\/pages\/919\/revisions"}],"predecessor-version":[{"id":1378,"href":"https:\/\/www.dr-eisenmenger.at\/zahnarzt\/wp-json\/wp\/v2\/pages\/919\/revisions\/1378"}],"up":[{"embeddable":true,"href":"https:\/\/www.dr-eisenmenger.at\/zahnarzt\/wp-json\/wp\/v2\/pages\/2"}],"wp:attachment":[{"href":"https:\/\/www.dr-eisenmenger.at\/zahnarzt\/wp-json\/wp\/v2\/media?parent=919"}],"curies":[{"name":"wp","href":"https:\/\/api.w.org\/{rel}","templated":true}]}}