{"id":915,"date":"2022-08-24T17:25:36","date_gmt":"2022-08-24T17:25:36","guid":{"rendered":"http:\/\/a.dog.systems\/?page_id=915"},"modified":"2023-07-31T10:10:09","modified_gmt":"2023-07-31T10:10:09","slug":"verrechnung","status":"publish","type":"page","link":"https:\/\/www.dr-eisenmenger.at\/zahnarzt\/sample-page\/verrechnung\/","title":{"rendered":"Verrechnung"},"content":{"rendered":"<div class=\"fusion-fullwidth fullwidth-box fusion-builder-row-1 fusion-flex-container fusion-parallax-fixed nonhundred-percent-fullwidth non-hundred-percent-height-scrolling\" style=\"--awb-background-blend-mode:soft-light;--awb-border-radius-top-left:0px;--awb-border-radius-top-right:0px;--awb-border-radius-bottom-right:0px;--awb-border-radius-bottom-left:0px;--awb-padding-top:110px;--awb-padding-right:5%;--awb-padding-bottom:110px;--awb-padding-left:5%;--awb-background-image:url(&quot;https:\/\/www.dr-eisenmenger.at\/zahnarzt\/wp-content\/uploads\/\/2022\/09\/NEUZeichenflaeche-72-1200x1343.png&quot;);--awb-background-size:cover;--awb-flex-wrap:wrap;background-attachment:fixed;\" ><div class=\"fusion-builder-row fusion-row fusion-flex-align-items-flex-start fusion-flex-content-wrap\" style=\"max-width:1227.2px;margin-left: calc(-4% \/ 2 );margin-right: calc(-4% \/ 2 );\"><div class=\"fusion-layout-column fusion_builder_column fusion-builder-column-0 fusion_builder_column_1_1 1_1 fusion-flex-column\" style=\"--awb-bg-size:cover;--awb-width-large:100%;--awb-margin-top-large:0px;--awb-spacing-right-large:1.92%;--awb-margin-bottom-large:20px;--awb-spacing-left-large:1.92%;--awb-width-medium:100%;--awb-order-medium:0;--awb-spacing-right-medium:1.92%;--awb-spacing-left-medium:1.92%;--awb-width-small:100%;--awb-order-small:0;--awb-spacing-right-small:1.92%;--awb-spacing-left-small:1.92%;\"><div class=\"fusion-column-wrapper fusion-column-has-shadow fusion-flex-justify-content-flex-start fusion-content-layout-column\"><div class=\"fusion-text fusion-text-1\"><h2>Verrechnung<\/h2>\n<p>ALLE KASSEN und PRIVAT.<\/p>\n<h3>&#8222;GRATISZAHNSPANGE&#8220;<\/h3>\n<p>Voraussetzungen: Seit 1. Juli 2015 haben Kindern und Jugendlichen bis zum 18. Lebensjahr bei schweren F\u00e4llen nach IOTN 4 und 5 Anspruch auf Kostenr\u00fcckerstattung durch die Krankenkasse. Es werden dabei aber keine kosmetischen Spangen (z.B. wei\u00dfe Brackets) eingesetzt.<\/p>\n<p>IOTN Feststellung und kieferorthop\u00e4dische Beratung: 50\u20ac<\/p>\n<p>Fr\u00fchbehandlung (interzeptive Behandlung; abnehmbar bzw Kombinationstherapie abn.\/fests.): Entspricht die Fehlstellung des Kindes (Alter 8-11J) IOTN 4 oder 5, kann die Behandlung bei der Krankenkasse eingereicht werden und bei Bewilligung, direkt mit der Kasse abgerechnet werden.<\/p>\n<p>Festsitzende kieferothop\u00e4dische Hauptbehandlung: entspricht die Fehlstellung des Kindes ( 12. -18. LJ) IOTN 4 oder 5 k\u00f6nnen wir ebenfalls einen Antrag an die Kasse stellen. Hier erfolgt die Abrechnung bei Bewilligung aber wie beim Wahlarzt. Der Patient muss prim\u00e4r die Honorarnote bezahlen und kann dann um die Kostenr\u00fcckerstattung ansuchen.<\/p>\n<p>Bei kieferorthop\u00e4dischen Leistungen , die nicht in den Bereich der Gratiszahnspange fallen, erfolgt die Honorargestaltung gem\u00e4\u00df den Richtlinien der \u00d6sterreichischen Zahn\u00e4rztekammer. Es liegt im Ermessen der Krankenkasse, ob ein Zuschu\u00df gew\u00e4hrt wird.<\/p>\n<p>Bei Familien mit mehreren Kindern bieten wir auch individuelle Tarife an.<\/p>\n<p>Allgemeine Honorarrichtlinien der \u00d6sterreichischen Zahn\u00e4rztekammer: Autonome Honorarrichtlinien \/ Allg. Honorarnoten<\/p>\n<\/div><\/div><\/div><\/div><\/div>\n","protected":false},"excerpt":{"rendered":"","protected":false},"author":1,"featured_media":0,"parent":2,"menu_order":0,"comment_status":"closed","ping_status":"closed","template":"100-width.php","meta":{"footnotes":""},"class_list":["post-915","page","type-page","status-publish","hentry"],"_links":{"self":[{"href":"https:\/\/www.dr-eisenmenger.at\/zahnarzt\/wp-json\/wp\/v2\/pages\/915","targetHints":{"allow":["GET"]}}],"collection":[{"href":"https:\/\/www.dr-eisenmenger.at\/zahnarzt\/wp-json\/wp\/v2\/pages"}],"about":[{"href":"https:\/\/www.dr-eisenmenger.at\/zahnarzt\/wp-json\/wp\/v2\/types\/page"}],"author":[{"embeddable":true,"href":"https:\/\/www.dr-eisenmenger.at\/zahnarzt\/wp-json\/wp\/v2\/users\/1"}],"replies":[{"embeddable":true,"href":"https:\/\/www.dr-eisenmenger.at\/zahnarzt\/wp-json\/wp\/v2\/comments?post=915"}],"version-history":[{"count":8,"href":"https:\/\/www.dr-eisenmenger.at\/zahnarzt\/wp-json\/wp\/v2\/pages\/915\/revisions"}],"predecessor-version":[{"id":1377,"href":"https:\/\/www.dr-eisenmenger.at\/zahnarzt\/wp-json\/wp\/v2\/pages\/915\/revisions\/1377"}],"up":[{"embeddable":true,"href":"https:\/\/www.dr-eisenmenger.at\/zahnarzt\/wp-json\/wp\/v2\/pages\/2"}],"wp:attachment":[{"href":"https:\/\/www.dr-eisenmenger.at\/zahnarzt\/wp-json\/wp\/v2\/media?parent=915"}],"curies":[{"name":"wp","href":"https:\/\/api.w.org\/{rel}","templated":true}]}}