{"id":913,"date":"2022-08-24T17:24:26","date_gmt":"2022-08-24T17:24:26","guid":{"rendered":"http:\/\/a.dog.systems\/?page_id=913"},"modified":"2023-07-31T10:06:57","modified_gmt":"2023-07-31T10:06:57","slug":"faq","status":"publish","type":"page","link":"https:\/\/www.dr-eisenmenger.at\/zahnarzt\/sample-page\/faq\/","title":{"rendered":"FAQ"},"content":{"rendered":"<div class=\"fusion-fullwidth fullwidth-box fusion-builder-row-1 fusion-flex-container fusion-parallax-fixed hundred-percent-fullwidth non-hundred-percent-height-scrolling\" style=\"--awb-background-blend-mode:soft-light;--awb-border-radius-top-left:0px;--awb-border-radius-top-right:0px;--awb-border-radius-bottom-right:0px;--awb-border-radius-bottom-left:0px;--awb-padding-top:110px;--awb-padding-right:5%;--awb-padding-bottom:110px;--awb-padding-left:5%;--awb-background-color:rgba(255,255,255,0.8);--awb-background-image:url(&quot;https:\/\/www.dr-eisenmenger.at\/zahnarzt\/wp-content\/uploads\/\/2022\/09\/NEUZeichenflaeche-72-1200x1343.png&quot;);--awb-background-size:cover;--awb-flex-wrap:wrap;background-attachment:fixed;\" ><div class=\"fusion-builder-row fusion-row fusion-flex-align-items-flex-start fusion-flex-content-wrap\" style=\"width:104% !important;max-width:104% !important;margin-left: calc(-4% \/ 2 );margin-right: calc(-4% \/ 2 );\"><div class=\"fusion-layout-column fusion_builder_column fusion-builder-column-0 fusion_builder_column_1_1 1_1 fusion-flex-column fusion-flex-align-self-flex-start\" style=\"--awb-bg-size:cover;--awb-width-large:100%;--awb-margin-top-large:0px;--awb-spacing-right-large:1.92%;--awb-margin-bottom-large:20px;--awb-spacing-left-large:1.92%;--awb-width-medium:100%;--awb-order-medium:0;--awb-spacing-right-medium:1.92%;--awb-spacing-left-medium:1.92%;--awb-width-small:100%;--awb-order-small:0;--awb-spacing-right-small:1.92%;--awb-spacing-left-small:1.92%;\"><div class=\"fusion-column-wrapper fusion-column-has-shadow fusion-flex-justify-content-flex-start fusion-content-layout-column\"><div class=\"fusion-tabs fusion-tabs-1 classic vertical-tabs icon-position-left mobile-mode-accordion\" style=\"--awb-title-border-radius-top-left:0px;--awb-title-border-radius-top-right:0px;--awb-title-border-radius-bottom-right:0px;--awb-title-border-radius-bottom-left:0px;--awb-inactive-color:#f1f2f2;--awb-background-color:#ffffff;--awb-border-color:#e2e2e2;--awb-active-border-color:#6eb155;\"><div class=\"nav\"><ul class=\"nav-tabs\" role=\"tablist\"><li class=\"active\" role=\"presentation\"><a class=\"tab-link\" data-toggle=\"tab\" role=\"tab\" aria-controls=\"tab-777c11f82625ca67ab8\" aria-selected=\"true\" id=\"fusion-tab-wiebereiteichmeinkindaufdenzahnarztbesuchvor?\" href=\"#tab-777c11f82625ca67ab8\"><h4 class=\"fusion-tab-heading\">Wie bereite ich mein Kind auf den Zahnarztbesuch vor?<\/h4><\/a><\/li><li role=\"presentation\"><a class=\"tab-link\" data-toggle=\"tab\" role=\"tab\" aria-controls=\"tab-0f1ff31f46dea5fe5a3\" aria-selected=\"false\" tabindex=\"-1\" id=\"fusion-tab-wassindkinderkronen?\" href=\"#tab-0f1ff31f46dea5fe5a3\"><h4 class=\"fusion-tab-heading\">Was sind Kinderkronen?<\/h4><\/a><\/li><li role=\"presentation\"><a class=\"tab-link\" data-toggle=\"tab\" role=\"tab\" aria-controls=\"tab-77186ad2b469506c032\" aria-selected=\"false\" tabindex=\"-1\" id=\"fusion-tab-warummussmanmilchz\u00e4hne\u00fcberhauptbehandeln?\" href=\"#tab-77186ad2b469506c032\"><h4 class=\"fusion-tab-heading\">Warum muss man Milchz\u00e4hne \u00fcberhaupt behandeln?<\/h4><\/a><\/li><li role=\"presentation\"><a class=\"tab-link\" data-toggle=\"tab\" role=\"tab\" aria-controls=\"tab-4e7107e3d093588314a\" aria-selected=\"false\" tabindex=\"-1\" id=\"fusion-tab-abwannsollmanz\u00e4hneputzen?\" href=\"#tab-4e7107e3d093588314a\"><h4 class=\"fusion-tab-heading\">Ab wann soll man Z\u00e4hne putzen?<\/h4><\/a><\/li><li role=\"presentation\"><a class=\"tab-link\" data-toggle=\"tab\" role=\"tab\" aria-controls=\"tab-c1c4acb7592d13717e4\" aria-selected=\"false\" tabindex=\"-1\" id=\"fusion-tab-wastunbeieinemzahnunfall?\" href=\"#tab-c1c4acb7592d13717e4\"><h4 class=\"fusion-tab-heading\">Was tun bei einem Zahnunfall?<\/h4><\/a><\/li><\/ul><\/div><div class=\"tab-content\"><div class=\"nav fusion-mobile-tab-nav\"><ul class=\"nav-tabs\" role=\"tablist\"><li class=\"active\" role=\"presentation\"><a class=\"tab-link\" data-toggle=\"tab\" role=\"tab\" aria-controls=\"tab-777c11f82625ca67ab8\" aria-selected=\"true\" id=\"mobile-fusion-tab-wiebereiteichmeinkindaufdenzahnarztbesuchvor?\" href=\"#tab-777c11f82625ca67ab8\"><h4 class=\"fusion-tab-heading\">Wie bereite ich mein Kind auf den Zahnarztbesuch vor?<\/h4><\/a><\/li><\/ul><\/div><div class=\"tab-pane fade fusion-clearfix in active\" role=\"tabpanel\" tabindex=\"0\" aria-labelledby=\"fusion-tab-wiebereiteichmeinkindaufdenzahnarztbesuchvor?\" id=\"tab-777c11f82625ca67ab8\">\n<p>So wenig wie m\u00f6glich! Besonders, wenn Sie selber \u00e4ngstlich sind! Nehmen Sie Ihr Kind daher nur zu einem Zahnarztbesuch mit, wenn es sich um eine Kontrolluntersuchung oder eine Mundhygiene handelt. Im Idealfall kommen Sie mit Ihrem Kind zum ersten Mal, wenn gar keine Behandlung notwendig ist, wir also nur eine Kontrolle machen m\u00fcssen. Meist dient der erste Besuch dazu, dass das Kind sich mit der Situation, den R\u00e4umlichkeiten vertraut macht. Idealerweise kann man auch schon mal in den Mund schauen und einen Befund erheben, um einen prim\u00e4ren Behandlungsplan, falls notwendig, zu erstellen. Das Kind wird dann schrittweise an die Behandlung im Mund gew\u00f6hnt. Bei sehr \u00e4ngstlichen Kindern wird man erst mit dem Z\u00e4hneputzen bei der Handpuppe beginnen und sie dann \u00fcber die Mundhygiene, an die eigentlichen Behandlung heranzuf\u00fchren. Dies braucht manchmal etwas Zeit und ist nicht mit einem Termin abgetan.<\/p>\n<p>Vermeiden Sie im Vorfeld Aussagen wie \u201edas tut nicht WEH\u201c, \u201eDu brauchst keine ANGST haben\u201c, \u201ees passiert nichts SCHLIMMES\u201c, denn Ihr Kind h\u00f6rt dabei nur: WEH, ANGST und SCHLIMM!<\/p>\n<\/div><div class=\"nav fusion-mobile-tab-nav\"><ul class=\"nav-tabs\" role=\"tablist\"><li role=\"presentation\"><a class=\"tab-link\" data-toggle=\"tab\" role=\"tab\" aria-controls=\"tab-0f1ff31f46dea5fe5a3\" aria-selected=\"false\" tabindex=\"-1\" id=\"mobile-fusion-tab-wassindkinderkronen?\" href=\"#tab-0f1ff31f46dea5fe5a3\"><h4 class=\"fusion-tab-heading\">Was sind Kinderkronen?<\/h4><\/a><\/li><\/ul><\/div><div class=\"tab-pane fade fusion-clearfix\" role=\"tabpanel\" tabindex=\"0\" aria-labelledby=\"fusion-tab-wassindkinderkronen?\" id=\"tab-0f1ff31f46dea5fe5a3\">\u201eRitterz\u00e4hne\u201c, \u201ePrinzessinnenkr\u00f6nchen\u201c sind vorgefertigte Stahlkronen, die bei stark zerst\u00f6rten hinteren Milchz\u00e4hnen eingesetzte werden und oft die einzige M\u00f6glichkeit sind, so einen Zahn noch zu erhalten. Sie werden zementiert und bleiben im Mund bis der Zahn ausf\u00e4llt.<\/div><div class=\"nav fusion-mobile-tab-nav\"><ul class=\"nav-tabs\" role=\"tablist\"><li role=\"presentation\"><a class=\"tab-link\" data-toggle=\"tab\" role=\"tab\" aria-controls=\"tab-77186ad2b469506c032\" aria-selected=\"false\" tabindex=\"-1\" id=\"mobile-fusion-tab-warummussmanmilchz\u00e4hne\u00fcberhauptbehandeln?\" href=\"#tab-77186ad2b469506c032\"><h4 class=\"fusion-tab-heading\">Warum muss man Milchz\u00e4hne \u00fcberhaupt behandeln?<\/h4><\/a><\/li><\/ul><\/div><div class=\"tab-pane fade fusion-clearfix\" role=\"tabpanel\" tabindex=\"0\" aria-labelledby=\"fusion-tab-warummussmanmilchz\u00e4hne\u00fcberhauptbehandeln?\" id=\"tab-77186ad2b469506c032\">Z\u00e4hne brauchen wir zum Zerkleinern der Nahrung, zum Sprechen, aber auch f\u00fcr ein sch\u00f6nes L\u00e4cheln. Die letzten Milchz\u00e4hne fallen erst mit ca. 12-13 Jahren aus! Kari\u00f6se Milchz\u00e4hne k\u00f6nnen auch bleibende Z\u00e4hne \u201eanstecken\u201c (mit ca. 6 Jahren brechen die ersten bleibenden Z\u00e4hne durch!). Milchz\u00e4hne dienen als Platzhalter f\u00fcr die bleibenden Z\u00e4hne (vor allem im Seitzahnbereich). Ein vorzeitiger Milchzahnverlust f\u00fchrt dazu, dass Z\u00e4hne sich verschieben, nach vorne kippen und der Platz f\u00fcr die bleibenden Z\u00e4hne verloren geht. Hier kann mit einem abnehmbaren oder festsitzenden Platzhalter vorgebeugt werden.<\/div><div class=\"nav fusion-mobile-tab-nav\"><ul class=\"nav-tabs\" role=\"tablist\"><li role=\"presentation\"><a class=\"tab-link\" data-toggle=\"tab\" role=\"tab\" aria-controls=\"tab-4e7107e3d093588314a\" aria-selected=\"false\" tabindex=\"-1\" id=\"mobile-fusion-tab-abwannsollmanz\u00e4hneputzen?\" href=\"#tab-4e7107e3d093588314a\"><h4 class=\"fusion-tab-heading\">Ab wann soll man Z\u00e4hne putzen?<\/h4><\/a><\/li><\/ul><\/div><div class=\"tab-pane fade fusion-clearfix\" role=\"tabpanel\" tabindex=\"0\" aria-labelledby=\"fusion-tab-abwannsollmanz\u00e4hneputzen?\" id=\"tab-4e7107e3d093588314a\">Ab dem Durchbruch des ersten Zahnes muss auch die Zahnpflege beginnen: mit einer speziellen Kinderzahnb\u00fcrste und einer erbsengro\u00dfen Portion Kinderzahnpaste. Da spielt auch das Verschlucken der Paste keine Rolle; man ben\u00f6tigt daf\u00fcr keine zus\u00e4tzliche Fluoridierung mehr. Bis die Kinder fl\u00fcssig schreiben k\u00f6nnen, sollten die Eltern die Z\u00e4hne putzen bzw. nachputzen.<\/div><div class=\"nav fusion-mobile-tab-nav\"><ul class=\"nav-tabs\" role=\"tablist\"><li role=\"presentation\"><a class=\"tab-link\" data-toggle=\"tab\" role=\"tab\" aria-controls=\"tab-c1c4acb7592d13717e4\" aria-selected=\"false\" tabindex=\"-1\" id=\"mobile-fusion-tab-wastunbeieinemzahnunfall?\" href=\"#tab-c1c4acb7592d13717e4\"><h4 class=\"fusion-tab-heading\">Was tun bei einem Zahnunfall?<\/h4><\/a><\/li><\/ul><\/div><div class=\"tab-pane fade fusion-clearfix\" role=\"tabpanel\" tabindex=\"0\" aria-labelledby=\"fusion-tab-wastunbeieinemzahnunfall?\" id=\"tab-c1c4acb7592d13717e4\">So schnell wie m\u00f6glich in die Praxis kommen! Bei einem Zahnunfall kann die schnelle Therapie ausschlaggebend f\u00fcr den Erfolg und Erhalt des Zahnes sein.<\/p>\n<p>Dies gilt besonders f\u00fcr bleibende Schneidez\u00e4hne. Ist der Zahn verschoben und locker, muss er wieder in seine urspr\u00fcngliche Position zur\u00fcckgebracht und geschient werden. Ist ein St\u00fcck vom Zahn oder sogar der ganze Zahn ausgeschlagen, suchen Sie es und bringen Sie es mit! Sowohl Teile als auch der ganze Zahn k\u00f6nnen wieder zur\u00fcckgesetzt werden.<\/p>\n<p>Wichtig f\u00fcr den Erfolg ist die richtige Lagerung und Handhabung. Fassen Sie den Zahn bitte ganz vorsichtig und m\u00f6glichst nur an der Krone, nicht an der Wurzel an. Am besten tun Sie den Zahn in eine \u201eZahnrettungsbox&#8220;, die Sie in der Apotheke kaufen k\u00f6nnen. Haben Sie keine, geht auch kalte H-Milch oder sterile Kochsalzl\u00f6sung. Als Notl\u00f6sung gelten Leitungswasser oder Speichel. Ein ausgeschlagener Zahn sollte innerhalb einer Stunde wieder zur\u00fcckgesetzt werden, ein Zahnst\u00fcck innerhalb eines Tages.<\/p>\n<p>Bei Milchz\u00e4hnen gilt: im Zweifelsfall f\u00fcr den bleibenden Zahn. Das hei\u00dft: k\u00f6nnte die Therapie den bleibenden Zahnkeim sch\u00e4digen, wird lieber der Milchzahn geopfert. So werden ausgeschlagene Milchz\u00e4hne nicht zur\u00fcckgesetzt oder Teile wieder angeklebt, sie k\u00f6nnen aber mit Kunststoff wieder repariert werden.<\/p>\n<p><img decoding=\"async\" class=\"aligncenter size-full wp-image-1035\" src=\"https:\/\/www.dr-eisenmenger.at\/zahnarzt\/wp-content\/uploads\/\/2022\/09\/image-7.jpeg\" alt=\"Dentosafe\" width=\"219\" height=\"267\" srcset=\"https:\/\/www.dr-eisenmenger.at\/zahnarzt\/wp-content\/uploads\/2022\/09\/image-7-200x244.jpeg 200w, https:\/\/www.dr-eisenmenger.at\/zahnarzt\/wp-content\/uploads\/\/2022\/09\/image-7.jpeg 219w\" sizes=\"(max-width: 219px) 100vw, 219px\" \/><\/div><\/div><\/div><\/div><\/div><\/div><\/div>\n","protected":false},"excerpt":{"rendered":"","protected":false},"author":1,"featured_media":0,"parent":2,"menu_order":0,"comment_status":"closed","ping_status":"closed","template":"100-width.php","meta":{"footnotes":""},"class_list":["post-913","page","type-page","status-publish","hentry"],"_links":{"self":[{"href":"https:\/\/www.dr-eisenmenger.at\/zahnarzt\/wp-json\/wp\/v2\/pages\/913","targetHints":{"allow":["GET"]}}],"collection":[{"href":"https:\/\/www.dr-eisenmenger.at\/zahnarzt\/wp-json\/wp\/v2\/pages"}],"about":[{"href":"https:\/\/www.dr-eisenmenger.at\/zahnarzt\/wp-json\/wp\/v2\/types\/page"}],"author":[{"embeddable":true,"href":"https:\/\/www.dr-eisenmenger.at\/zahnarzt\/wp-json\/wp\/v2\/users\/1"}],"replies":[{"embeddable":true,"href":"https:\/\/www.dr-eisenmenger.at\/zahnarzt\/wp-json\/wp\/v2\/comments?post=913"}],"version-history":[{"count":11,"href":"https:\/\/www.dr-eisenmenger.at\/zahnarzt\/wp-json\/wp\/v2\/pages\/913\/revisions"}],"predecessor-version":[{"id":1363,"href":"https:\/\/www.dr-eisenmenger.at\/zahnarzt\/wp-json\/wp\/v2\/pages\/913\/revisions\/1363"}],"up":[{"embeddable":true,"href":"https:\/\/www.dr-eisenmenger.at\/zahnarzt\/wp-json\/wp\/v2\/pages\/2"}],"wp:attachment":[{"href":"https:\/\/www.dr-eisenmenger.at\/zahnarzt\/wp-json\/wp\/v2\/media?parent=913"}],"curies":[{"name":"wp","href":"https:\/\/api.w.org\/{rel}","templated":true}]}}