{"id":707,"date":"2021-08-27T12:29:31","date_gmt":"2021-08-27T12:29:31","guid":{"rendered":"http:\/\/a.dog.systems\/?page_id=707"},"modified":"2023-07-31T10:06:44","modified_gmt":"2023-07-31T10:06:44","slug":"datenschutz-und-impressum","status":"publish","type":"page","link":"https:\/\/www.dr-eisenmenger.at\/zahnarzt\/sample-page\/datenschutz-und-impressum\/","title":{"rendered":"Datenschutz und Impressum"},"content":{"rendered":"<div class=\"fusion-bg-parallax\" data-bg-align=\"center center\" data-direction=\"down\" data-mute=\"false\" data-opacity=\"100\" data-velocity=\"-0.3\" data-mobile-enabled=\"true\" data-break_parents=\"0\" data-bg-image=\"https:\/\/www.dr-eisenmenger.at\/zahnarzt\/wp-content\/uploads\/\/2022\/09\/Zeichenflaeche-71-1200x1836.png\" data-bg-repeat=\"false\" data-bg-color=\"rgba(255,255,255,0.9)\" data-blend-mode=\"soft-light\" ><\/div><div class=\"fusion-fullwidth fullwidth-box fusion-builder-row-1 fusion-flex-container fusion-parallax-down nonhundred-percent-fullwidth non-hundred-percent-height-scrolling\" style=\"--awb-background-blend-mode:soft-light;--awb-border-radius-top-left:0px;--awb-border-radius-top-right:0px;--awb-border-radius-bottom-right:0px;--awb-border-radius-bottom-left:0px;--awb-padding-top:110px;--awb-padding-right:5%;--awb-padding-bottom:150px;--awb-padding-left:5%;--awb-background-color:rgba(255,255,255,0.9);--awb-background-image:url(&quot;https:\/\/www.dr-eisenmenger.at\/zahnarzt\/wp-content\/uploads\/\/2022\/09\/Zeichenflaeche-71-1200x1836.png&quot;);--awb-background-size:cover;--awb-flex-wrap:wrap;\" ><div class=\"fusion-builder-row fusion-row fusion-flex-align-items-flex-start fusion-flex-content-wrap\" style=\"max-width:1227.2px;margin-left: calc(-4% \/ 2 );margin-right: calc(-4% \/ 2 );\"><div class=\"fusion-layout-column fusion_builder_column fusion-builder-column-0 fusion_builder_column_1_1 1_1 fusion-flex-column\" style=\"--awb-bg-size:cover;--awb-width-large:100%;--awb-margin-top-large:0px;--awb-spacing-right-large:1.92%;--awb-margin-bottom-large:20px;--awb-spacing-left-large:1.92%;--awb-width-medium:100%;--awb-order-medium:0;--awb-spacing-right-medium:1.92%;--awb-spacing-left-medium:1.92%;--awb-width-small:100%;--awb-order-small:0;--awb-spacing-right-small:1.92%;--awb-spacing-left-small:1.92%;\"><div class=\"fusion-column-wrapper fusion-column-has-shadow fusion-flex-justify-content-flex-start fusion-content-layout-column\"><div class=\"fusion-text fusion-text-1\"><h2>Sehr geehrter Patient!<\/h2>\n<p>Der Schutz Ihrer pers\u00f6nlichen Daten ist uns ein besonderes Anliegen. Wir verarbeiten Ihre Daten ausschlie\u00dflich auf Grundlage der gesetzlichen Bestimmungen (DSGVO, DSG, TKG 2003). In diesen Datenschutzinformationen informieren wir Sie \u00fcber die wichtigsten Aspekte der Datenverarbeitung im Rahmen unserer Gesch\u00e4ftsbeziehung bzw. Anbahnung.<br \/>\nWir treffen organisatorische, vertragliche und technische Sicherheitsma\u00dfnahmen entsprechend dem aktuellen Stand der Technik. So stellen wir sicher, dass die Vorschriften der Datenschutzgesetze bzw. der Datenschutzgrundverordnung eingehalten werden und um damit die durch uns verwalteten Daten gegen zuf\u00e4llige oder vors\u00e4tzliche Manipulationen, Verlust, Zerst\u00f6rung oder gegen den Zugriff unberechtigter Personen zu sch\u00fctzen.<\/p>\n<p>Nachfolgend informieren wir Sie \u00fcber die Verarbeitung Ihrer personenbezogenen Daten durch uns und die Ihnen, nach den datenschutzrechtlichen Regelungen zustehenden Anspr\u00fcche und Rechte.<\/p>\n<h3>Personenbezogene Daten<\/h3>\n<p>Im Rahmen der Website verarbeiten wir personenbezogene Daten, die Sie uns selbst bekanntgeben bzw. die wir durch Ihre Nutzung unseres Onlineauftritts erhalten, wie folgt:<\/p>\n<p>Wir sammeln personenbezogene Daten, \u00fcber die eine Identifizierung m\u00f6glich ist, wie Namen, Adressen, E-Mail-Adressen, Telefonnummer etc. nur dann, wenn diese von einem Nutzer freiwillig angegeben werden, um Informationen zu erhalten. Personenbezogene Daten werden ausschlie\u00dflich von uns verwendet. Wir verwenden Ihre personenbezogenen Daten nur soweit dies erforderlich ist, um auf Ihre Anfragen einzugehen, Angebote zu erstellen und Ihnen einen besseren Service zu bieten, der mit diesen Datenschutzgrunds\u00e4tzen in Einklang steht. Wir behalten uns das Recht vor, personenbezogene Daten in der Form zu nutzen, zur\u00fcckzubehalten oder offenzulegen, wie es zur Erf\u00fcllung von Gesetzen, Vorschriften oder gesetzlichen Erfordernissen notwendig ist, um Kundenbeschwerden oder m\u00f6glichen Gesetzesverst\u00f6\u00dfen nachzugehen, die Integrit\u00e4t der Webseiten zu sch\u00fctzen, Ihre Anfragen zu beantworten oder an gesetzlichen Nachforschungen mitzuwirken.<\/p>\n<h3>Kontakt mit uns:<\/h3>\n<p>Wenn Sie per E-Mail mit uns Kontakt aufnehmen, werden Ihre angegebenen Daten zwecks Bearbeitung der Anfrage und f\u00fcr den Fall von Anschlussfragen bei uns gespeichert. Diese Daten geben wir nicht ohne Ihre Einwilligung weiter. Soweit auf unseren Seiten personenbezogene Daten (beispielsweise Name, Anschrift oder Email) erhoben werden, erfolgt dies, soweit m\u00f6glich, stets auf freiwilliger Basis. Wir verwenden Ihre Daten nur insoweit, als diese f\u00fcr die Beantwortung der Anfrage notwendig sind. Sofern sich aus der Anfrage eine Gesch\u00e4ftsbeziehung ergibt, werden diese Daten ebenfalls gem\u00e4\u00df der gesetzlichen Bestimmungen gespeichert. Ergibt sich keine Gesch\u00e4ftsbeziehung werden alle personenbezogenen Daten nach einer Frist von einem Jahr gel\u00f6scht oder anonymisiert.<br \/>\nWir weisen darauf hin, dass die Daten\u00fcbertragung im Internet (z.B. bei der Kommunikation per E-Mail) Sicherheitsl\u00fccken aufweisen kann. Ein l\u00fcckenloser Schutz der Daten vor dem Zugriff durch Dritte ist nicht m\u00f6glich. Es wird ausdr\u00fccklich darauf hingewiesen, dass die Kommunikation per E-Mail aufgrund der Natur von E-Mails keine sichere Kommunikationsmethode ist!<\/p>\n<h3>Kinder<\/h3>\n<p>Personen unter 18 Jahren sollten ohne Zustimmung der Eltern oder Erziehungsberechtigten keine personenbezogenen Daten an uns \u00fcbermitteln. Wir fordern keine personenbezogenen Daten von Kindern an, sammeln diese nicht und geben sie nicht an Dritte weiter.<\/p>\n<h3>Ihre Rechte<\/h3>\n<p>Ihnen stehen grunds\u00e4tzlich die Rechte auf Auskunft, Berichtigung, L\u00f6schung, Einschr\u00e4nkung, Daten\u00fcbertragbarkeit, Widerruf und Widerspruch zu. Wenn Sie glauben, dass die Verarbeitung Ihrer Daten gegen das Datenschutzrecht verst\u00f6\u00dft oder Ihre datenschutzrechtlichen Anspr\u00fcche sonst in einer Weise verletzt worden sind, k\u00f6nnen Sie sich bei der Aufsichtsbeh\u00f6rde beschweren. In \u00d6sterreich ist dies die Datenschutzbeh\u00f6rde. Im Falle eines Vertragsabschlusses werden s\u00e4mtliche Daten aus dem Vertragsverh\u00e4ltnis bis zum Ablauf der steuerrechtlichen Aufbewahrungsfrist (7 Jahre) gespeichert. Die Datenverarbeitung erfolgt auf Basis der gesetzlichen Bestimmungen des \u00a7 96 Abs 3 TKG sowie des Art 6 Abs 1 lit a (Einwilligung) und\/oder lit b (notwendig zur Vertragserf\u00fcllung) der DSGVO. Wenn Sie m\u00f6chten, dass wir Informationen, die wir \u00fcber Sie haben, aktualisieren, \u00e4ndern oder l\u00f6schen (vorbehaltlich geltender gesetzlicher Ausnahmen), wenden Sie sich bitte telefonisch oder per Fax an uns.<\/p>\n<h3>Der Besuch unserer Website \u2013 Google Analytics<\/h3>\n<p>Die Nutzung unserer Webseite ist in der Regel ohne Angabe personenbezogener Daten m\u00f6glich. Durch das Aufrufen unserer Website werden auf unserem Webserver keine personenbezogenen Daten gespeichert. Auch Ihre IP-Adresse wird auf unserem Webserver nicht gespeichert.<br \/>\nWir setzen jedoch Google Analytics, einen Webanalysedienst der Google Inc. (\u201eGoogle\u201c) ein. Google verwendet Cookies. Die durch das Cookie erzeugten Informationen \u00fcber die Benutzung des Onlineangebotes durch die Nutzer werden in der Regel an einen Server von Google in den USA \u00fcbertragen und dort gespeichert. Google wird diese Informationen in unserem Auftrag benutzen, um die Nutzung unseres Onlineangebotes durch die Nutzer auszuwerten, um Reports \u00fcber die Aktivit\u00e4ten innerhalb dieses Onlineangebotes zusammenzustellen und um weitere mit der Nutzung dieses Onlineangebotes und der Internetnutzung verbundene Dienstleistungen uns gegen\u00fcber zu erbringen. Dabei k\u00f6nnen aus den verarbeiteten Daten pseudonyme Nutzungsprofile der Nutzer erstellt werden. Wir setzen Google Analytics nur mit aktivierter IP-Anonymisierung (auf dieser Webseite wurde der Google Analytics Code um \u201egat._anonymizeIp();\u201c erweitert, um ein datenschutzkonformes anonymisiertes Erfassen von IP-Adressen zu gew\u00e4hrleisten) ein. Das bedeutet, die IP-Adresse der Nutzer wird von Google innerhalb von Mitgliedstaaten der Europ\u00e4ischen Union oder in anderen Vertragsstaaten des Abkommens \u00fcber den Europ\u00e4ischen Wirtschaftsraum gek\u00fcrzt. Nur in Ausnahmef\u00e4llen wird die volle IP-Adresse an einen Server von Google in den USA \u00fcbertragen und dort gek\u00fcrzt. Die von dem Browser des Nutzers \u00fcbermittelte IP-Adresse wird nicht mit anderen Daten von Google zusammengef\u00fchrt.<br \/>\nDie Nutzer k\u00f6nnen die Speicherung der Cookies durch eine entsprechende Einstellung ihrer Browser-Software verhindern; die Nutzer k\u00f6nnen dar\u00fcber hinaus die Erfassung der durch das Cookie erzeugten und auf ihre Nutzung des Onlineangebotes bezogenen Daten an Google sowie die Verarbeitung dieser Daten durch Google verhindern, indem sie das unter dem folgenden Link verf\u00fcgbare Browser-Plugin herunterladen und installieren: <a href=\"http:\/\/tools.google.com\/dlpage\/gaoptout?hl=de\">http:\/\/tools.google.com\/dlpage\/gaoptout?hl=de<\/a>. Weitere Informationen zur Datennutzung zu Werbezwecken durch Google, Einstellungs- und Widerspruchsm\u00f6glichkeiten erfahren Sie auf den Webseiten von Google: <a href=\"https:\/\/www.google.com\/intl\/de\/policies\/privacy\/partners\/\">https:\/\/www.google.com\/intl\/de\/policies\/privacy\/partners\/<\/a> (\u201eDatennutzung durch Google bei Ihrer Nutzung von Websites oder Apps unserer Partner\u201c), <a href=\"http:\/\/www.google.com\/policies\/technologies\/ads\">http:\/\/www.google.com\/policies\/technologies\/ads<\/a> (\u201eDatennutzung zu Werbezwecken\u201c),<a href=\"http:\/\/www.google.de\/settings\/ads\">http:\/\/www.google.de\/settings\/ads<\/a> (\u201eInformationen verwalten, die Google verwendet, um Ihnen Werbung einzublenden\u201c) und <a href=\"http:\/\/www.google.com\/ads\/preferences\/\">http:\/\/www.google.com\/ads\/preferences\/<\/a> (\u201eBestimmen Sie, welche Werbung Google Ihnen zeigt\u201c).<\/p>\n<h3>Cookies<\/h3>\n<p>Unsere Website verwendet so genannte Cookies. Dabei handelt es sich um kleine Textdateien, die mit Hilfe des Browsers auf Ihrem Endger\u00e4t abgelegt werden. Sie richten keinen Schaden an. Wir nutzen Cookies dazu, unser Angebot nutzerfreundlich zu gestalten. Einige Cookies bleiben auf Ihrem Endger\u00e4t gespeichert, bis Sie diese l\u00f6schen. Sie erm\u00f6glichen es uns, Ihren Browser beim n\u00e4chsten Besuch wiederzuerkennen. Wenn Sie dies nicht w\u00fcnschen, so k\u00f6nnen Sie Ihren Browser so einrichten, dass er Sie \u00fcber das Setzen von Cookies informiert und Sie dies nur im Einzelfall erlauben. Durch die Deaktivierung von Cookies kann die Funktionalit\u00e4t unserer Website eingeschr\u00e4nkt werden. (Cookie-Richtlinien)<\/p>\n<h3>Weitere Informationen:<\/h3>\n<p>Sie haben das Recht auf Auskunft \u00fcber die gespeicherten Daten gem\u00e4\u00df Art 15 DSGVO, auf Berichtigung unzutreffender Daten gem\u00e4\u00df Art 16 DSGVO, auf L\u00f6schung von Daten gem\u00e4\u00df Art 17 DSGVO, auf Einschr\u00e4nkung der Verarbeitung von Daten gem\u00e4\u00df Art 18 DSGVO, auf Daten\u00fcbertragbarkeit gem\u00e4\u00df Art 20 DSGVO sowie auf Widerspruch gegen die unzumutbare Datenverarbeitung gem\u00e4\u00df Art 21 DSGVO.<\/p>\n<p>Sofern die Verarbeitung aufgrund einer Einwilligungserkl\u00e4rung erfolgt, haben Sie die M\u00f6glichkeit, diese jederzeit zu widerrufen, ohne dass die Rechtm\u00e4\u00dfigkeit der aufgrund der Einwilligung bis zum Widerruf erfolgten Verarbeitung ber\u00fchrt wird.<br \/>\nSie haben das Recht, sich bei der Aufsichtsbeh\u00f6rde zu beschweren \u2013 zust\u00e4ndig ist in \u00d6sterreich die Datenschutzbeh\u00f6rde.<\/p>\n<h5>Die Anschrift lautet:<\/h5>\n<p>\u00d6sterreichische Datenschutzbeh\u00f6rde, Wickenburggasse 8, 1080 Wien<br \/>\nTelefon: +43 1 52 152-0<br \/>\nE-Mail: dsb@dsb.gv.at<\/p>\n<p>Information gem\u00e4\u00df \u00a7 5 E-Commerce-Gesetz und Offenlegung gem\u00e4\u00df \u00a7 25 Mediengesetz:<br \/>\nDiensteanbieter und Medieninhaber:<br \/>\nDr. Eisenmenger OG<\/p>\n<h5>Berufsbezeichnung:<\/h5>\n<p>Zahn\u00e4rztin<br \/>\nDie T\u00e4tigkeit des Dienstanbieters unterliegt dem \u00c4rztegesetz 1998 (www.ris.bka.gv.at\/bundesrecht)<br \/>\nMitglied der \u00c4rztekammer Wien (XXXXXXXXXXX) sowie der \u00f6sterreichischen \u00c4rztekammer \u00d6AK Nr. XXXXXXXXXXXXX<\/p>\n<p>Adresse: Billrothstra\u00dfe 49a\/Top 6<br \/>\n1190 Wien<br \/>\nTel: +43 676 5283866<br \/>\nWebseite: dr-eisenmenger.at<br \/>\nE-Mail:\u00a0<a>zahn@dr-eisenmenger.at<\/a><\/p>\n<p>Konzeption, Text &amp; Umsetzung: <a href=\"https:\/\/www.science-relations.com\">science-relations.com<\/a><br \/>\nSEO: <a href=\"https:\/\/www.science-relations.com\">science-relations.com<\/a><\/p>\n<\/div><\/div><\/div><\/div><\/div>\n","protected":false},"excerpt":{"rendered":"","protected":false},"author":1,"featured_media":0,"parent":2,"menu_order":0,"comment_status":"closed","ping_status":"closed","template":"100-width.php","meta":{"footnotes":""},"class_list":["post-707","page","type-page","status-publish","hentry"],"_links":{"self":[{"href":"https:\/\/www.dr-eisenmenger.at\/zahnarzt\/wp-json\/wp\/v2\/pages\/707","targetHints":{"allow":["GET"]}}],"collection":[{"href":"https:\/\/www.dr-eisenmenger.at\/zahnarzt\/wp-json\/wp\/v2\/pages"}],"about":[{"href":"https:\/\/www.dr-eisenmenger.at\/zahnarzt\/wp-json\/wp\/v2\/types\/page"}],"author":[{"embeddable":true,"href":"https:\/\/www.dr-eisenmenger.at\/zahnarzt\/wp-json\/wp\/v2\/users\/1"}],"replies":[{"embeddable":true,"href":"https:\/\/www.dr-eisenmenger.at\/zahnarzt\/wp-json\/wp\/v2\/comments?post=707"}],"version-history":[{"count":11,"href":"https:\/\/www.dr-eisenmenger.at\/zahnarzt\/wp-json\/wp\/v2\/pages\/707\/revisions"}],"predecessor-version":[{"id":1362,"href":"https:\/\/www.dr-eisenmenger.at\/zahnarzt\/wp-json\/wp\/v2\/pages\/707\/revisions\/1362"}],"up":[{"embeddable":true,"href":"https:\/\/www.dr-eisenmenger.at\/zahnarzt\/wp-json\/wp\/v2\/pages\/2"}],"wp:attachment":[{"href":"https:\/\/www.dr-eisenmenger.at\/zahnarzt\/wp-json\/wp\/v2\/media?parent=707"}],"curies":[{"name":"wp","href":"https:\/\/api.w.org\/{rel}","templated":true}]}}