{"id":130,"date":"2021-01-21T17:46:06","date_gmt":"2021-01-21T17:46:06","guid":{"rendered":"http:\/\/a.dog.systems\/?page_id=130"},"modified":"2023-07-31T10:08:41","modified_gmt":"2023-07-31T10:08:41","slug":"kinderbehandlung","status":"publish","type":"page","link":"https:\/\/www.dr-eisenmenger.at\/zahnarzt\/sample-page\/kinderbehandlung\/","title":{"rendered":"Kinderbehandlung"},"content":{"rendered":"<div class=\"fusion-fullwidth fullwidth-box fusion-builder-row-1 fusion-flex-container fusion-parallax-none nonhundred-percent-fullwidth non-hundred-percent-height-scrolling\" style=\"--awb-background-blend-mode:soft-light;--awb-border-radius-top-left:0px;--awb-border-radius-top-right:0px;--awb-border-radius-bottom-right:0px;--awb-border-radius-bottom-left:0px;--awb-padding-top:110px;--awb-padding-right:5%;--awb-padding-bottom:110px;--awb-padding-left:5%;--awb-background-color:rgba(255,255,255,0.9);--awb-background-image:url(&quot;https:\/\/www.dr-eisenmenger.at\/zahnarzt\/wp-content\/uploads\/\/2022\/09\/BG_Erreichbarkeit-1200x526.png&quot;);--awb-background-size:cover;--awb-flex-wrap:wrap;\" ><div class=\"fusion-builder-row fusion-row fusion-flex-align-items-flex-start fusion-flex-content-wrap\" style=\"max-width:1227.2px;margin-left: calc(-4% \/ 2 );margin-right: calc(-4% \/ 2 );\"><div class=\"fusion-layout-column fusion_builder_column fusion-builder-column-0 fusion_builder_column_3_4 3_4 fusion-flex-column\" style=\"--awb-bg-size:cover;--awb-width-large:75%;--awb-margin-top-large:0px;--awb-spacing-right-large:2.56%;--awb-margin-bottom-large:20px;--awb-spacing-left-large:2.56%;--awb-width-medium:75%;--awb-order-medium:0;--awb-spacing-right-medium:2.56%;--awb-spacing-left-medium:2.56%;--awb-width-small:100%;--awb-order-small:0;--awb-spacing-right-small:1.92%;--awb-spacing-left-small:1.92%;\"><div class=\"fusion-column-wrapper fusion-column-has-shadow fusion-flex-justify-content-flex-start fusion-content-layout-column\"><div class=\"fusion-text fusion-text-1\"><h2>Kinder sind KEINE kleinen Erwachsenen<\/h2>\n<p>Ein spezielles, auf Kinder abgestimmtes Behandlungskonzept und kindgerechtes Ambiente sorgen f\u00fcr eine entspannte und angstfreie Atmosph\u00e4re, was wiederum die optimale Voraussetzung f\u00fcr eine stressfreie zahn\u00e4rztliche Behandlung Ihrer Kinder bietet.<\/p>\n<p>Der erste Termin dient immer dem Kennenlernen, unserer Einsch\u00e4tzung des Behandlungsbedarfes und der Behandlungsbereitschaft des Kindes. Im Rahmen dieses Termins wird ein individuelles Therapiekonzept wird erstellt.<br \/>\nSollte im Rahmen des Behandlungsplans doch eine Sedierung oder Vollnarkose notwendig werden, z.B. wenn die Compliance, F\u00e4higkeit und\/oder der Wille zur Mitarbeit des Kindes in der Wachbehandlung nicht gegeben ist, \u00fcberweisen wir in diesen seltenen F\u00e4llen an entsprechende Einrichtungen.<\/p>\n<\/div><\/div><\/div><div class=\"fusion-layout-column fusion_builder_column fusion-builder-column-1 fusion_builder_column_1_4 1_4 fusion-flex-column fusion-flex-align-self-stretch\" style=\"--awb-bg-size:cover;--awb-width-large:25%;--awb-margin-top-large:0px;--awb-spacing-right-large:7.68%;--awb-margin-bottom-large:20px;--awb-spacing-left-large:7.68%;--awb-width-medium:25%;--awb-order-medium:0;--awb-spacing-right-medium:7.68%;--awb-spacing-left-medium:7.68%;--awb-width-small:100%;--awb-order-small:0;--awb-spacing-right-small:1.92%;--awb-spacing-left-small:1.92%;\"><div class=\"fusion-column-wrapper fusion-column-has-shadow fusion-flex-justify-content-center fusion-content-layout-column\"><div class=\"fusion-image-element \" style=\"text-align:center;--awb-caption-title-font-family:var(--h2_typography-font-family);--awb-caption-title-font-weight:var(--h2_typography-font-weight);--awb-caption-title-font-style:var(--h2_typography-font-style);--awb-caption-title-size:var(--h2_typography-font-size);--awb-caption-title-transform:var(--h2_typography-text-transform);--awb-caption-title-line-height:var(--h2_typography-line-height);--awb-caption-title-letter-spacing:var(--h2_typography-letter-spacing);\"><span class=\" fusion-imageframe imageframe-none imageframe-1 hover-type-none\"><img decoding=\"async\" width=\"272\" height=\"196\" alt=\"Kinder sind keine Erwachsene\" title=\"Kinder sind keine Erwachsene\" src=\"https:\/\/www.dr-eisenmenger.at\/zahnarzt\/wp-content\/uploads\/\/2022\/09\/image.jpeg\" class=\"img-responsive wp-image-948\" srcset=\"https:\/\/www.dr-eisenmenger.at\/zahnarzt\/wp-content\/uploads\/2022\/09\/image-200x144.jpeg 200w, https:\/\/www.dr-eisenmenger.at\/zahnarzt\/wp-content\/uploads\/\/2022\/09\/image.jpeg 272w\" sizes=\"(max-width: 740px) 100vw, 272px\" \/><\/span><\/div><\/div><\/div><div class=\"fusion-layout-column fusion_builder_column fusion-builder-column-2 fusion_builder_column_1_1 1_1 fusion-flex-column\" style=\"--awb-bg-size:cover;--awb-width-large:100%;--awb-margin-top-large:0px;--awb-spacing-right-large:1.92%;--awb-margin-bottom-large:20px;--awb-spacing-left-large:1.92%;--awb-width-medium:100%;--awb-order-medium:0;--awb-spacing-right-medium:1.92%;--awb-spacing-left-medium:1.92%;--awb-width-small:100%;--awb-order-small:0;--awb-spacing-right-small:1.92%;--awb-spacing-left-small:1.92%;\"><div class=\"fusion-column-wrapper fusion-column-has-shadow fusion-flex-justify-content-flex-start fusion-content-layout-column\"><div class=\"fusion-text fusion-text-2\"><h2><\/h2>\n<h2>Elterninfo:<\/h2>\n<p>Damit der Zahnarztbesuch f\u00fcr Ihr Kind erfolgreich verl\u00e4uft, bitte ich Sie um Folgendes:<\/p>\n<p>\u00c4u\u00dfern Sie sich Ihrem Kind gegen\u00fcber nur positiv \u00fcber Ihre eigenen Zahnarzt-Erfahrungen, egal was Sie fr\u00fcher einmal erlebt haben!<\/p>\n<p>Vermitteln Sie, dass die regelm\u00e4\u00dfigen Kontrollen beim Zahnarzt etwas Selbstverst\u00e4ndliches sind genauso wie das t\u00e4gliche Z\u00e4hneputzen.<\/p>\n<p>Vermeiden Sie Aussagen wie &#8222;Du brauchst keine ANGST haben, es tut nicht WEH&#8220; etc. Denn das Kind nimmt aus der Information nur die W\u00f6rter ANGST und WEH war und bildet sich damit seine eigene oft eben sehr angsterf\u00fcllte Meinung.<\/p>\n<p>Versprechen Sie keine Belohnungsgeschenke! Das setzt Ihr Kind und Sie unter Druck und f\u00fchrt oft zu Wunschvorstellungen, die in keiner Relation zur Situation stehen. Das Kind bekommt stets ein kleines Freundschaftsgeschenk nach der Behandlung von mir !<\/p>\n<p>Lehnen Sie sich zur\u00fcck!<\/p>\n<p>Sehen Sie es als Chance, dass wir Kontakt zu Ihrem Kind aufbauen und optimal und sicher durch die Behandlung f\u00fchren. Als Mutter von 4 Kindern, weiss ich genau um die Sorgen der Eltern und die \u00c4ngste der Kinder.<\/p>\n<p>Sie sind bei mir gut aufgehoben. Ihr Kind und Sie !<\/p>\n<p>Danke f\u00fcr Ihre Mitarbeit!<\/p>\n<\/div><\/div><\/div><div class=\"fusion-layout-column fusion_builder_column fusion-builder-column-3 fusion_builder_column_1_2 1_2 fusion-flex-column fusion-flex-align-self-stretch\" style=\"--awb-bg-size:cover;--awb-width-large:50%;--awb-margin-top-large:0px;--awb-spacing-right-large:3.84%;--awb-margin-bottom-large:20px;--awb-spacing-left-large:3.84%;--awb-width-medium:50%;--awb-order-medium:0;--awb-spacing-right-medium:3.84%;--awb-spacing-left-medium:3.84%;--awb-width-small:100%;--awb-order-small:0;--awb-spacing-right-small:1.92%;--awb-spacing-left-small:1.92%;\"><div class=\"fusion-column-wrapper fusion-column-has-shadow fusion-flex-justify-content-center fusion-content-layout-column\"><div class=\"fusion-image-element \" style=\"text-align:center;--awb-margin-top:15px;--awb-caption-title-font-family:var(--h2_typography-font-family);--awb-caption-title-font-weight:var(--h2_typography-font-weight);--awb-caption-title-font-style:var(--h2_typography-font-style);--awb-caption-title-size:var(--h2_typography-font-size);--awb-caption-title-transform:var(--h2_typography-text-transform);--awb-caption-title-line-height:var(--h2_typography-line-height);--awb-caption-title-letter-spacing:var(--h2_typography-letter-spacing);\"><span class=\" fusion-imageframe imageframe-none imageframe-2 hover-type-none\"><img decoding=\"async\" width=\"255\" height=\"184\" alt=\"R\u00f6ntgen bei Kindern\" title=\"R\u00f6ntgen bei Kindern\" src=\"https:\/\/www.dr-eisenmenger.at\/zahnarzt\/wp-content\/uploads\/\/2022\/09\/image-3.jpeg\" class=\"img-responsive wp-image-951\" srcset=\"https:\/\/www.dr-eisenmenger.at\/zahnarzt\/wp-content\/uploads\/2022\/09\/image-3-200x144.jpeg 200w, https:\/\/www.dr-eisenmenger.at\/zahnarzt\/wp-content\/uploads\/\/2022\/09\/image-3.jpeg 255w\" sizes=\"(max-width: 740px) 100vw, 255px\" \/><\/span><\/div><\/div><\/div><div class=\"fusion-layout-column fusion_builder_column fusion-builder-column-4 fusion_builder_column_1_2 1_2 fusion-flex-column fusion-flex-align-self-stretch\" style=\"--awb-bg-size:cover;--awb-width-large:50%;--awb-margin-top-large:0px;--awb-spacing-right-large:3.84%;--awb-margin-bottom-large:20px;--awb-spacing-left-large:3.84%;--awb-width-medium:50%;--awb-order-medium:0;--awb-spacing-right-medium:3.84%;--awb-spacing-left-medium:3.84%;--awb-width-small:100%;--awb-order-small:0;--awb-spacing-right-small:1.92%;--awb-spacing-left-small:1.92%;\"><div class=\"fusion-column-wrapper fusion-column-has-shadow fusion-flex-justify-content-center fusion-content-layout-column\"><div class=\"fusion-image-element \" style=\"text-align:center;--awb-margin-top:15px;--awb-caption-title-font-family:var(--h2_typography-font-family);--awb-caption-title-font-weight:var(--h2_typography-font-weight);--awb-caption-title-font-style:var(--h2_typography-font-style);--awb-caption-title-size:var(--h2_typography-font-size);--awb-caption-title-transform:var(--h2_typography-text-transform);--awb-caption-title-line-height:var(--h2_typography-line-height);--awb-caption-title-letter-spacing:var(--h2_typography-letter-spacing);\"><span class=\" fusion-imageframe imageframe-none imageframe-3 hover-type-none\"><img decoding=\"async\" width=\"163\" height=\"225\" alt=\"Kinderzahnhygiene\" title=\"Kinderzahnhygiene\" src=\"https:\/\/www.dr-eisenmenger.at\/zahnarzt\/wp-content\/uploads\/\/2022\/09\/image-4.jpeg\" class=\"img-responsive wp-image-952\"\/><\/span><\/div><\/div><\/div><div class=\"fusion-layout-column fusion_builder_column fusion-builder-column-5 fusion_builder_column_1_1 1_1 fusion-flex-column\" style=\"--awb-bg-size:cover;--awb-width-large:100%;--awb-margin-top-large:0px;--awb-spacing-right-large:1.92%;--awb-margin-bottom-large:20px;--awb-spacing-left-large:1.92%;--awb-width-medium:100%;--awb-order-medium:0;--awb-spacing-right-medium:1.92%;--awb-spacing-left-medium:1.92%;--awb-width-small:100%;--awb-order-small:0;--awb-spacing-right-small:1.92%;--awb-spacing-left-small:1.92%;\"><div class=\"fusion-column-wrapper fusion-column-has-shadow fusion-flex-justify-content-flex-start fusion-content-layout-column\"><div class=\"fusion-image-element \" style=\"text-align:center;--awb-margin-top:5em;--awb-margin-bottom:5em;--awb-max-width:250px;--awb-caption-title-font-family:var(--h2_typography-font-family);--awb-caption-title-font-weight:var(--h2_typography-font-weight);--awb-caption-title-font-style:var(--h2_typography-font-style);--awb-caption-title-size:var(--h2_typography-font-size);--awb-caption-title-transform:var(--h2_typography-text-transform);--awb-caption-title-line-height:var(--h2_typography-line-height);--awb-caption-title-letter-spacing:var(--h2_typography-letter-spacing);\"><span class=\" fusion-imageframe imageframe-none imageframe-4 hover-type-none\"><img decoding=\"async\" width=\"1194\" height=\"1063\" alt=\"Logo St\u00f6rer\" title=\"Logo_GREEN\" src=\"https:\/\/www.dr-eisenmenger.at\/zahnarzt\/wp-content\/uploads\/\/2022\/09\/Logo_GREEN.png\" class=\"img-responsive wp-image-957\" srcset=\"https:\/\/www.dr-eisenmenger.at\/zahnarzt\/wp-content\/uploads\/2022\/09\/Logo_GREEN-200x178.png 200w, https:\/\/www.dr-eisenmenger.at\/zahnarzt\/wp-content\/uploads\/2022\/09\/Logo_GREEN-400x356.png 400w, https:\/\/www.dr-eisenmenger.at\/zahnarzt\/wp-content\/uploads\/2022\/09\/Logo_GREEN-600x534.png 600w, https:\/\/www.dr-eisenmenger.at\/zahnarzt\/wp-content\/uploads\/2022\/09\/Logo_GREEN-800x712.png 800w, https:\/\/www.dr-eisenmenger.at\/zahnarzt\/wp-content\/uploads\/\/2022\/09\/Logo_GREEN.png 1194w\" sizes=\"(max-width: 740px) 100vw, 1194px\" \/><\/span><\/div><\/div><\/div>\n<div class=\"fusion-layout-column fusion_builder_column fusion-builder-column-6 fusion_builder_column_1_2 1_2 fusion-flex-column fusion-flex-align-self-stretch\" style=\"--awb-bg-size:cover;--awb-width-large:50%;--awb-margin-top-large:0px;--awb-spacing-right-large:3.84%;--awb-margin-bottom-large:20px;--awb-spacing-left-large:3.84%;--awb-width-medium:50%;--awb-order-medium:0;--awb-spacing-right-medium:3.84%;--awb-spacing-left-medium:3.84%;--awb-width-small:100%;--awb-order-small:0;--awb-spacing-right-small:1.92%;--awb-spacing-left-small:1.92%;\"><div class=\"fusion-column-wrapper fusion-column-has-shadow fusion-flex-justify-content-flex-start fusion-content-layout-column\"><div class=\"fusion-text fusion-text-3\"><h3>Kariessanierung<\/h3>\n<p>Auch wenn sie bald ausfallen, die Milchz\u00e4hne, so ist es von gro\u00dfer Bedeutung, erkrankte Milchz\u00e4hne zu behandeln. Sie sind wichtige Platzhalter f\u00fcr die bleibenden Z\u00e4hne. Und gesunde Milch- und bleibende Z\u00e4hne sind eine wichtige Voraussetzung f\u00fcr die optimale Entwicklung Ihres Kindes!<\/p>\n<p>Sollte es aber doch einmal zu einem \u201eLoch\u201c kommen, bem\u00fchen wir uns dem Kind die Behandlung Schritt f\u00fcr Schritt n\u00e4her zu bringen. In vielen F\u00e4llen sorgen die positive Atmosph\u00e4re, verhaltensf\u00fchrende Ma\u00dfnahmen und die Tatsache, dass wir alles sehr gr\u00fcndlich vorher erkl\u00e4ren, f\u00fcr eine erfolgreiche Behandlung ab dem zweiten Termin.<\/p>\n<p>Bei stark zerst\u00f6rten Milchz\u00e4hnen, wenn diese aber doch unbedingt erhalten werden sollen, k\u00f6nnen konfektionierte Kinderkronen, sog. \u201eRitterz\u00e4hne\u201c, \u201ePrinzessinenkronen\u201c eingesetzt werden.<\/p>\n<\/div><div class=\"fusion-image-element \" style=\"text-align:center;--awb-margin-top:15px;--awb-margin-bottom:15px;--awb-caption-title-font-family:var(--h2_typography-font-family);--awb-caption-title-font-weight:var(--h2_typography-font-weight);--awb-caption-title-font-style:var(--h2_typography-font-style);--awb-caption-title-size:var(--h2_typography-font-size);--awb-caption-title-transform:var(--h2_typography-text-transform);--awb-caption-title-line-height:var(--h2_typography-line-height);--awb-caption-title-letter-spacing:var(--h2_typography-letter-spacing);\"><span class=\" fusion-imageframe imageframe-none imageframe-5 hover-type-none\"><img decoding=\"async\" width=\"300\" height=\"168\" alt=\"Kinderkrone\" title=\"Kinderkrone\" src=\"https:\/\/www.dr-eisenmenger.at\/zahnarzt\/wp-content\/uploads\/\/2022\/09\/image-5-300x168.jpeg\" class=\"img-responsive wp-image-953\" srcset=\"https:\/\/www.dr-eisenmenger.at\/zahnarzt\/wp-content\/uploads\/2022\/09\/image-5-200x112.jpeg 200w, https:\/\/www.dr-eisenmenger.at\/zahnarzt\/wp-content\/uploads\/\/2022\/09\/image-5.jpeg 400w\" sizes=\"(max-width: 740px) 100vw, 300px\" \/><\/span><\/div><div class=\"fusion-text fusion-text-4\"><p>Mu\u00df ein Milchzahn doch entfernt werden, wird, wenn es notwendig ist, bis der neue Zahn durchbricht ein Platzhalter eingesetzt.<\/p>\n<\/div><div class=\"fusion-image-element \" style=\"text-align:center;--awb-margin-top:15px;--awb-caption-title-font-family:var(--h2_typography-font-family);--awb-caption-title-font-weight:var(--h2_typography-font-weight);--awb-caption-title-font-style:var(--h2_typography-font-style);--awb-caption-title-size:var(--h2_typography-font-size);--awb-caption-title-transform:var(--h2_typography-text-transform);--awb-caption-title-line-height:var(--h2_typography-line-height);--awb-caption-title-letter-spacing:var(--h2_typography-letter-spacing);\"><span class=\" fusion-imageframe imageframe-none imageframe-6 hover-type-none\"><img decoding=\"async\" width=\"210\" height=\"145\" alt=\"Platzhalter bei Kindergebiss\" title=\"Platzhalter bei Kindergebiss\" src=\"https:\/\/www.dr-eisenmenger.at\/zahnarzt\/wp-content\/uploads\/\/2022\/09\/image-6.jpeg\" class=\"img-responsive wp-image-954\" srcset=\"https:\/\/www.dr-eisenmenger.at\/zahnarzt\/wp-content\/uploads\/2022\/09\/image-6-200x138.jpeg 200w, https:\/\/www.dr-eisenmenger.at\/zahnarzt\/wp-content\/uploads\/\/2022\/09\/image-6.jpeg 210w\" sizes=\"(max-width: 740px) 100vw, 210px\" \/><\/span><\/div><\/div><\/div><div class=\"fusion-layout-column fusion_builder_column fusion-builder-column-7 fusion_builder_column_1_2 1_2 fusion-flex-column fusion-flex-align-self-stretch\" style=\"--awb-bg-size:cover;--awb-width-large:50%;--awb-margin-top-large:0px;--awb-spacing-right-large:3.84%;--awb-margin-bottom-large:20px;--awb-spacing-left-large:3.84%;--awb-width-medium:50%;--awb-order-medium:0;--awb-spacing-right-medium:3.84%;--awb-spacing-left-medium:3.84%;--awb-width-small:100%;--awb-order-small:0;--awb-spacing-right-small:1.92%;--awb-spacing-left-small:1.92%;\"><div class=\"fusion-column-wrapper fusion-column-has-shadow fusion-flex-justify-content-flex-start fusion-content-layout-column\"><div class=\"fusion-text fusion-text-5\"><h3><span style=\"color: var(--h3_typography-color); font-family: var(--h3_typography-font-family); font-size: var(--h3_typography-font-size); font-style: var(--h3_typography-font-style,normal); font-weight: var(--h3_typography-font-weight); letter-spacing: var(--h3_typography-letter-spacing);\">Prophylaxe<\/span><\/h3>\n<p>Ein gesundes und vollz\u00e4hliges Milchgebiss ist daher die beste Voraussetzung f\u00fcr gesunde bleibende Z\u00e4hne &#8211; ein Leben lang. Damit dies gelingt, haben wir speziell auf die Bed\u00fcrfnisse von Kindern zugeschnittene Behandlungskonzepte entwickelt.<\/p>\n<p>Auch die Vermeidung von Zahnerkrankungen mit einer engagierten Kinderprophylaxe geh\u00f6rt dazu. Eine spezielle Ausbildung in der Kinderzahnheilkunde, zusammen mit einem qualifiziertem und motiviertem Team, tragen dazu bei, das Ziel gesunde Kinderz\u00e4hne zu erreichen.<\/p>\n<\/div><div class=\"fusion-image-element \" style=\"text-align:center;--awb-margin-top:15px;--awb-caption-title-font-family:var(--h2_typography-font-family);--awb-caption-title-font-weight:var(--h2_typography-font-weight);--awb-caption-title-font-style:var(--h2_typography-font-style);--awb-caption-title-size:var(--h2_typography-font-size);--awb-caption-title-transform:var(--h2_typography-text-transform);--awb-caption-title-line-height:var(--h2_typography-line-height);--awb-caption-title-letter-spacing:var(--h2_typography-letter-spacing);\"><span class=\" fusion-imageframe imageframe-none imageframe-7 hover-type-none\"><img decoding=\"async\" width=\"121\" height=\"168\" alt=\"Dino f\u00fcr Kinder\" title=\"Dino f\u00fcr Kinder\" src=\"https:\/\/www.dr-eisenmenger.at\/zahnarzt\/wp-content\/uploads\/\/2022\/09\/image-1.jpeg\" class=\"img-responsive wp-image-949\"\/><\/span><\/div><\/div><\/div><div class=\"fusion-layout-column fusion_builder_column fusion-builder-column-8 fusion_builder_column_1_1 1_1 fusion-flex-column fusion-flex-align-self-stretch\" style=\"--awb-bg-size:cover;--awb-width-large:100%;--awb-margin-top-large:0px;--awb-spacing-right-large:1.92%;--awb-margin-bottom-large:20px;--awb-spacing-left-large:1.92%;--awb-width-medium:100%;--awb-order-medium:0;--awb-spacing-right-medium:1.92%;--awb-spacing-left-medium:1.92%;--awb-width-small:100%;--awb-order-small:0;--awb-spacing-right-small:1.92%;--awb-spacing-left-small:1.92%;\"><div class=\"fusion-column-wrapper fusion-column-has-shadow fusion-flex-justify-content-flex-start fusion-content-layout-column\"><div class=\"fusion-text fusion-text-6\"><h3><\/h3>\n<h3>Fissurenversiegelung<\/h3>\n<p>Die Fissurenversiegelung vor allem der sogenannten \u201e6-er&#8220; ist eine prophylaktische Ma\u00dfnahme zum Schutz der bleibenden Backenz\u00e4hne vor Karies, bei der die Vertiefungen in der Kaufl\u00e4che, nach gr\u00fcndlicher Reinigung, mit einem Schutzfilm aus d\u00fcnnflie\u00dfendem zahn\u00e4rztlichem Kunststoff versiegelt werden.<\/p>\n<\/div><div class=\"fusion-image-element \" style=\"text-align:center;--awb-margin-top:15px;--awb-caption-title-font-family:var(--h2_typography-font-family);--awb-caption-title-font-weight:var(--h2_typography-font-weight);--awb-caption-title-font-style:var(--h2_typography-font-style);--awb-caption-title-size:var(--h2_typography-font-size);--awb-caption-title-transform:var(--h2_typography-text-transform);--awb-caption-title-line-height:var(--h2_typography-line-height);--awb-caption-title-letter-spacing:var(--h2_typography-letter-spacing);\"><span class=\" fusion-imageframe imageframe-none imageframe-8 hover-type-none\"><img decoding=\"async\" width=\"134\" height=\"134\" alt=\"Fissurenversiegelung\" title=\"Fissurenversiegelung\" src=\"https:\/\/www.dr-eisenmenger.at\/zahnarzt\/wp-content\/uploads\/\/2022\/09\/image-2.jpeg\" class=\"img-responsive wp-image-950\" srcset=\"https:\/\/www.dr-eisenmenger.at\/zahnarzt\/wp-content\/uploads\/2022\/09\/image-2-66x66.jpeg 66w, https:\/\/www.dr-eisenmenger.at\/zahnarzt\/wp-content\/uploads\/\/2022\/09\/image-2.jpeg 134w\" sizes=\"(max-width: 134px) 100vw, 134px\" \/><\/span><\/div><\/div><\/div><\/div><\/div>\n","protected":false},"excerpt":{"rendered":"","protected":false},"author":1,"featured_media":0,"parent":2,"menu_order":0,"comment_status":"closed","ping_status":"closed","template":"100-width.php","meta":{"footnotes":""},"class_list":["post-130","page","type-page","status-publish","hentry"],"_links":{"self":[{"href":"https:\/\/www.dr-eisenmenger.at\/zahnarzt\/wp-json\/wp\/v2\/pages\/130","targetHints":{"allow":["GET"]}}],"collection":[{"href":"https:\/\/www.dr-eisenmenger.at\/zahnarzt\/wp-json\/wp\/v2\/pages"}],"about":[{"href":"https:\/\/www.dr-eisenmenger.at\/zahnarzt\/wp-json\/wp\/v2\/types\/page"}],"author":[{"embeddable":true,"href":"https:\/\/www.dr-eisenmenger.at\/zahnarzt\/wp-json\/wp\/v2\/users\/1"}],"replies":[{"embeddable":true,"href":"https:\/\/www.dr-eisenmenger.at\/zahnarzt\/wp-json\/wp\/v2\/comments?post=130"}],"version-history":[{"count":31,"href":"https:\/\/www.dr-eisenmenger.at\/zahnarzt\/wp-json\/wp\/v2\/pages\/130\/revisions"}],"predecessor-version":[{"id":1366,"href":"https:\/\/www.dr-eisenmenger.at\/zahnarzt\/wp-json\/wp\/v2\/pages\/130\/revisions\/1366"}],"up":[{"embeddable":true,"href":"https:\/\/www.dr-eisenmenger.at\/zahnarzt\/wp-json\/wp\/v2\/pages\/2"}],"wp:attachment":[{"href":"https:\/\/www.dr-eisenmenger.at\/zahnarzt\/wp-json\/wp\/v2\/media?parent=130"}],"curies":[{"name":"wp","href":"https:\/\/api.w.org\/{rel}","templated":true}]}}