{"id":126,"date":"2021-01-21T17:52:22","date_gmt":"2021-01-21T17:52:22","guid":{"rendered":"http:\/\/a.dog.systems\/?page_id=126"},"modified":"2023-08-02T06:52:16","modified_gmt":"2023-08-02T06:52:16","slug":"ueber-uns","status":"publish","type":"page","link":"https:\/\/www.dr-eisenmenger.at\/zahnarzt\/sample-page\/ueber-uns\/","title":{"rendered":"\u00dcber mich"},"content":{"rendered":"<div class=\"fusion-bg-parallax\" data-bg-align=\"center center\" data-direction=\"up\" data-mute=\"false\" data-opacity=\"100\" data-velocity=\"-0.3\" data-mobile-enabled=\"false\" data-break_parents=\"0\" data-bg-image=\"https:\/\/www.dr-eisenmenger.at\/zahnarzt\/wp-content\/uploads\/\/2022\/09\/NEUZeichenflaeche-72-1200x1343.png\" data-bg-repeat=\"false\" data-blend-mode=\"soft-light\" ><\/div><div class=\"fusion-fullwidth fullwidth-box fusion-builder-row-1 fusion-flex-container fusion-parallax-up nonhundred-percent-fullwidth non-hundred-percent-height-scrolling\" style=\"--awb-background-blend-mode:soft-light;--awb-border-radius-top-left:0px;--awb-border-radius-top-right:0px;--awb-border-radius-bottom-right:0px;--awb-border-radius-bottom-left:0px;--awb-padding-top:110px;--awb-padding-right:5%;--awb-padding-bottom:110px;--awb-padding-left:5%;--awb-padding-right-small:5%;--awb-padding-left-small:5%;--awb-margin-top:0px;--awb-margin-bottom:0px;--awb-background-image:url(&quot;https:\/\/www.dr-eisenmenger.at\/zahnarzt\/wp-content\/uploads\/\/2022\/09\/NEUZeichenflaeche-72-1200x1343.png&quot;);--awb-background-size:cover;--awb-flex-wrap:wrap;\" ><div class=\"fusion-builder-row fusion-row fusion-flex-align-items-flex-start fusion-flex-content-wrap\" style=\"max-width:1227.2px;margin-left: calc(-4% \/ 2 );margin-right: calc(-4% \/ 2 );\"><div class=\"fusion-layout-column fusion_builder_column fusion-builder-column-0 fusion_builder_column_1_1 1_1 fusion-flex-column\" style=\"--awb-bg-size:cover;--awb-width-large:100%;--awb-margin-top-large:0px;--awb-spacing-right-large:1.92%;--awb-margin-bottom-large:20px;--awb-spacing-left-large:1.92%;--awb-width-medium:100%;--awb-order-medium:0;--awb-spacing-right-medium:1.92%;--awb-spacing-left-medium:1.92%;--awb-width-small:100%;--awb-order-small:0;--awb-spacing-right-small:1.92%;--awb-spacing-left-small:1.92%;\"><div class=\"fusion-column-wrapper fusion-column-has-shadow fusion-flex-justify-content-flex-start fusion-content-layout-column\"><div class=\"fusion-builder-row fusion-builder-row-inner fusion-row fusion-flex-align-items-flex-start fusion-flex-content-wrap\" style=\"--awb-flex-grow:0;--awb-flex-grow-medium:0;--awb-flex-grow-small:0;--awb-flex-shrink:0;--awb-flex-shrink-medium:0;--awb-flex-shrink-small:0;width:104% !important;max-width:104% !important;margin-left: calc(-4% \/ 2 );margin-right: calc(-4% \/ 2 );\"><div class=\"fusion-layout-column fusion_builder_column_inner fusion-builder-nested-column-0 fusion_builder_column_inner_1_3 1_3 fusion-flex-column fusion-flex-align-self-stretch\" style=\"--awb-bg-position:center top;--awb-bg-size:cover;--awb-width-large:33.333333333333%;--awb-margin-top-large:38px;--awb-spacing-right-large:5.76%;--awb-margin-bottom-large:50px;--awb-spacing-left-large:5.76%;--awb-width-medium:33.333333333333%;--awb-order-medium:0;--awb-spacing-right-medium:5.76%;--awb-spacing-left-medium:5.76%;--awb-width-small:100%;--awb-order-small:0;--awb-spacing-right-small:1.92%;--awb-spacing-left-small:1.92%;\"><div class=\"fusion-column-wrapper fusion-column-has-shadow fusion-flex-justify-content-flex-start fusion-content-layout-column\"><div class=\"fusion-image-element \" style=\"--awb-max-width:500px;--awb-caption-title-font-family:var(--h2_typography-font-family);--awb-caption-title-font-weight:var(--h2_typography-font-weight);--awb-caption-title-font-style:var(--h2_typography-font-style);--awb-caption-title-size:var(--h2_typography-font-size);--awb-caption-title-transform:var(--h2_typography-text-transform);--awb-caption-title-line-height:var(--h2_typography-line-height);--awb-caption-title-letter-spacing:var(--h2_typography-letter-spacing);\"><span class=\" fusion-imageframe imageframe-none imageframe-1 hover-type-none\"><img decoding=\"async\" width=\"1535\" height=\"2126\" alt=\"Portrait DDr. Gabriela Eisenmenger\" title=\"DSC_3301_1\" src=\"https:\/\/www.dr-eisenmenger.at\/zahnarzt\/wp-content\/uploads\/\/2022\/09\/DSC_3301_1.jpg\" class=\"img-responsive wp-image-967\" srcset=\"https:\/\/www.dr-eisenmenger.at\/zahnarzt\/wp-content\/uploads\/2022\/09\/DSC_3301_1-200x277.jpg 200w, https:\/\/www.dr-eisenmenger.at\/zahnarzt\/wp-content\/uploads\/2022\/09\/DSC_3301_1-400x554.jpg 400w, https:\/\/www.dr-eisenmenger.at\/zahnarzt\/wp-content\/uploads\/2022\/09\/DSC_3301_1-600x831.jpg 600w, https:\/\/www.dr-eisenmenger.at\/zahnarzt\/wp-content\/uploads\/2022\/09\/DSC_3301_1-800x1108.jpg 800w, https:\/\/www.dr-eisenmenger.at\/zahnarzt\/wp-content\/uploads\/2022\/09\/DSC_3301_1-1200x1662.jpg 1200w, https:\/\/www.dr-eisenmenger.at\/zahnarzt\/wp-content\/uploads\/\/2022\/09\/DSC_3301_1.jpg 1535w\" sizes=\"(max-width: 740px) 100vw, 400px\" \/><\/span><\/div><\/div><\/div><div class=\"fusion-layout-column fusion_builder_column_inner fusion-builder-nested-column-1 fusion_builder_column_inner_2_3 2_3 fusion-flex-column\" style=\"--awb-bg-size:cover;--awb-width-large:66.666666666667%;--awb-margin-top-large:0px;--awb-spacing-right-large:2.88%;--awb-margin-bottom-large:20px;--awb-spacing-left-large:2.88%;--awb-width-medium:66.666666666667%;--awb-order-medium:0;--awb-spacing-right-medium:2.88%;--awb-spacing-left-medium:2.88%;--awb-width-small:100%;--awb-order-small:0;--awb-spacing-right-small:1.92%;--awb-spacing-left-small:1.92%;\"><div class=\"fusion-column-wrapper fusion-column-has-shadow fusion-flex-justify-content-flex-start fusion-content-layout-column\"><div class=\"fusion-text fusion-text-1\" style=\"--awb-content-alignment:left;\"><h3>Ausbildung<\/h3>\n<p>1989-1995: Medizinstudium an der Universit\u00e4t Wien<br \/>\n1995: Promotion zum Dr. med. univ.<br \/>\n1996\/97: Turnus\u00e4rztin im KH Hainburg\/Donau<br \/>\n1997-2000: Ausbildung zur Fach\u00e4rztin f\u00fcr Zahn-, Mund- und Kieferheilkunde an der Universit\u00e4tszahnklinik Wien<br \/>\n2000: Promotion zum Dr. med. dent.<br \/>\n2000: Diplom der \u00d6sterreichischen \u00c4rztekammer (\u00d6\u00c4K) f\u00fcr Akupunktur<br \/>\n2000: Ausbildung zur Fach\u00e4rztin f\u00fcr Mund-, Kiefer und Gesichtschirurgie an der Universit\u00e4tsklinik f\u00fcr MKG-Chir.\/AKH Wien<br \/>\nseit 2004: Fach\u00e4rztin f. Mund-,Kiefer- und Gesichtschirurgie<br \/>\n2004: \u00d6\u00c4K Diplom f\u00fcr Kieferorthop\u00e4die<br \/>\nseit 2009: Ober\u00e4rztin an der Universit\u00e4tszahnklinik Wien, Fachbereiche Orale Chirurgie und Kinderzahnheilkunde<\/p>\n<h3>Kieferorthop\u00e4dische Zusatzausbildungen<\/h3>\n<p>1998-1999: am Kieferorthop\u00e4dische Fortbildung bei MR Dr. Hangl im Dr. Wilhelm Brenner Institut, Wien<br \/>\n2004-2005: Progressiv Orthodontics Seminars, Wien<br \/>\n2006-2008: Universit\u00e4tslehrgang \u201eInterceptive Orthodontics\u201c, Donau-Universit\u00e4t Krems<br \/>\n2007-2009: \u201c Orthodontic Philosophy\u201c (Andrews Foundation for Orthodontic Education and Research),Graz<\/p>\n<p>2018-2019: Universit\u00e4tslehrgang &#8222;\u00c4rztliche Hypnose&#8220;<\/p>\n<h3>Kinderzahnheilkunde<\/h3>\n<p>zertifizierte Kinderzahn\u00e4rztin<\/p>\n<h3>Mitgliedschaften<\/h3>\n<p>\u00d6sterreichische Gesellschaft f\u00fcr Kinderzahnheilkunde \u00d6GK<br \/>\n\u00d6sterreichische Gesellschaft f\u00fcr Orale Chirurgie<br \/>\n\u00d6sterreichische Gesellschaft f\u00fcr Mund-, Kiefer- und Gesichtschirurgie<br \/>\nVerband \u00d6sterreichischer Kieferorthop\u00e4den<\/p>\n<p>Familienstand: verheiratet, Mutter von 4 Kindern<\/p>\n<\/div>\n<\/div><\/div><\/div><\/div><\/div><\/div><\/div>\n","protected":false},"excerpt":{"rendered":"","protected":false},"author":1,"featured_media":0,"parent":2,"menu_order":0,"comment_status":"closed","ping_status":"closed","template":"100-width.php","meta":{"footnotes":""},"class_list":["post-126","page","type-page","status-publish","hentry"],"_links":{"self":[{"href":"https:\/\/www.dr-eisenmenger.at\/zahnarzt\/wp-json\/wp\/v2\/pages\/126","targetHints":{"allow":["GET"]}}],"collection":[{"href":"https:\/\/www.dr-eisenmenger.at\/zahnarzt\/wp-json\/wp\/v2\/pages"}],"about":[{"href":"https:\/\/www.dr-eisenmenger.at\/zahnarzt\/wp-json\/wp\/v2\/types\/page"}],"author":[{"embeddable":true,"href":"https:\/\/www.dr-eisenmenger.at\/zahnarzt\/wp-json\/wp\/v2\/users\/1"}],"replies":[{"embeddable":true,"href":"https:\/\/www.dr-eisenmenger.at\/zahnarzt\/wp-json\/wp\/v2\/comments?post=126"}],"version-history":[{"count":46,"href":"https:\/\/www.dr-eisenmenger.at\/zahnarzt\/wp-json\/wp\/v2\/pages\/126\/revisions"}],"predecessor-version":[{"id":1376,"href":"https:\/\/www.dr-eisenmenger.at\/zahnarzt\/wp-json\/wp\/v2\/pages\/126\/revisions\/1376"}],"up":[{"embeddable":true,"href":"https:\/\/www.dr-eisenmenger.at\/zahnarzt\/wp-json\/wp\/v2\/pages\/2"}],"wp:attachment":[{"href":"https:\/\/www.dr-eisenmenger.at\/zahnarzt\/wp-json\/wp\/v2\/media?parent=126"}],"curies":[{"name":"wp","href":"https:\/\/api.w.org\/{rel}","templated":true}]}}